{"id":2756,"date":"2024-07-07T18:33:20","date_gmt":"2024-07-07T18:33:20","guid":{"rendered":"https:\/\/clinicadentalzocalo.com\/?page_id=2756"},"modified":"2024-07-10T10:21:13","modified_gmt":"2024-07-10T10:21:13","slug":"services-10-6","status":"publish","type":"page","link":"https:\/\/clinicadentalzocalo.com\/index.php\/services-10-6\/","title":{"rendered":"Cambio de imagen y Rehabiltaci\u00f3n de la boca"},"content":{"rendered":"\t\t<div data-elementor-type=\"wp-page\" data-elementor-id=\"2756\" class=\"elementor elementor-2756\" data-elementor-settings=\"{&quot;ha_cmc_init_switcher&quot;:&quot;no&quot;}\">\n\t\t\t\t<div class=\"elementor-element elementor-element-b24655f e-flex e-con-boxed e-con e-parent\" data-id=\"b24655f\" data-element_type=\"container\" data-e-type=\"container\" data-settings=\"{&quot;_ha_eqh_enable&quot;:false}\">\n\t\t\t\t\t<div class=\"e-con-inner\">\n\t\t<div class=\"elementor-element elementor-element-1b88c9a e-flex e-con-boxed e-con e-child\" data-id=\"1b88c9a\" data-element_type=\"container\" data-e-type=\"container\" data-settings=\"{&quot;background_background&quot;:&quot;classic&quot;,&quot;_ha_eqh_enable&quot;:false}\">\n\t\t\t\t\t<div class=\"e-con-inner\">\n\t\t<div class=\"elementor-element elementor-element-657070c e-con-full e-flex e-con e-child\" data-id=\"657070c\" data-element_type=\"container\" data-e-type=\"container\" data-settings=\"{&quot;_ha_eqh_enable&quot;:false}\">\n\t\t\t\t<div class=\"elementor-element elementor-element-3ff157b elementor-widget elementor-widget-heading\" data-id=\"3ff157b\" data-element_type=\"widget\" data-e-type=\"widget\" data-widget_type=\"heading.default\">\n\t\t\t\t<div class=\"elementor-widget-container\">\n\t\t\t\t\t<h3 class=\"elementor-heading-title elementor-size-default\">\u00bfQuieres cambiar el aspecto o resolver un problema dental?<\/h3>\t\t\t\t<\/div>\n\t\t\t\t<\/div>\n\t\t\t\t<div class=\"elementor-element elementor-element-414ece8 elementor-widget elementor-widget-text-editor\" data-id=\"414ece8\" data-element_type=\"widget\" data-e-type=\"widget\" data-widget_type=\"text-editor.default\">\n\t\t\t\t<div class=\"elementor-widget-container\">\n\t\t\t\t\t\t\t\t\t<p>Si lo que buscas en mejorar la apariencia de tu dentadura o resolver problemas de mordida, m\u00fasculos, dientes u estructura \u00f3sea.<\/p>\t\t\t\t\t\t\t\t<\/div>\n\t\t\t\t<\/div>\n\t\t\t\t<\/div>\n\t\t<div class=\"elementor-element elementor-element-98d9719 e-con-full e-flex e-con e-child\" data-id=\"98d9719\" data-element_type=\"container\" data-e-type=\"container\" data-settings=\"{&quot;_ha_eqh_enable&quot;:false}\">\n\t\t\t\t<div class=\"elementor-element elementor-element-2762aeb elementor-widget elementor-widget-image\" data-id=\"2762aeb\" data-element_type=\"widget\" data-e-type=\"widget\" data-widget_type=\"image.default\">\n\t\t\t\t<div class=\"elementor-widget-container\">\n\t\t\t\t\t\t\t\t\t\t\t\t\t\t\t<img fetchpriority=\"high\" decoding=\"async\" width=\"600\" height=\"338\" src=\"https:\/\/clinicadentalzocalo.com\/wp-content\/uploads\/2024\/07\/Sonrisa_final.png\" class=\"attachment-1536x1536 size-1536x1536 wp-image-2815\" alt=\"\" srcset=\"https:\/\/clinicadentalzocalo.com\/wp-content\/uploads\/2024\/07\/Sonrisa_final.png 600w, https:\/\/clinicadentalzocalo.com\/wp-content\/uploads\/2024\/07\/Sonrisa_final-300x169.png 300w\" sizes=\"(max-width: 600px) 100vw, 600px\" \/>\t\t\t\t\t\t\t\t\t\t\t\t\t\t\t<\/div>\n\t\t\t\t<\/div>\n\t\t\t\t<\/div>\n\t\t\t\t\t<\/div>\n\t\t\t\t<\/div>\n\t\t\t\t\t<\/div>\n\t\t\t\t<\/div>\n\t\t<div class=\"elementor-element elementor-element-0609b2d e-flex e-con-boxed e-con e-parent\" data-id=\"0609b2d\" data-element_type=\"container\" data-e-type=\"container\" data-settings=\"{&quot;_ha_eqh_enable&quot;:false}\">\n\t\t\t\t\t<div class=\"e-con-inner\">\n\t\t\t\t<div class=\"elementor-element elementor-element-4394ad9 elementor-widget elementor-widget-heading\" data-id=\"4394ad9\" data-element_type=\"widget\" data-e-type=\"widget\" data-widget_type=\"heading.default\">\n\t\t\t\t<div class=\"elementor-widget-container\">\n\t\t\t\t\t<h2 class=\"elementor-heading-title elementor-size-default\">\u00bfQu\u00e9 diferencia hay?<\/h2>\t\t\t\t<\/div>\n\t\t\t\t<\/div>\n\t\t\t\t<div class=\"elementor-element elementor-element-c9a47b3 elementor-widget__width-initial elementor-widget elementor-widget-text-editor\" data-id=\"c9a47b3\" data-element_type=\"widget\" data-e-type=\"widget\" data-widget_type=\"text-editor.default\">\n\t\t\t\t<div class=\"elementor-widget-container\">\n\t\t\t\t\t\t\t\t\t<section class=\"elementor-section elementor-top-section elementor-element elementor-element-637ddcb elementor-section-boxed elementor-section-height-default elementor-section-height-default\" data-id=\"637ddcb\" data-element_type=\"section\" data-settings=\"{&quot;background_background&quot;:&quot;classic&quot;}\"><div class=\"elementor-container elementor-column-gap-default\"><div class=\"elementor-row\"><div class=\"elementor-column elementor-col-100 elementor-top-column elementor-element elementor-element-33d7806\" data-id=\"33d7806\" data-element_type=\"column\"><div class=\"elementor-column-wrap elementor-element-populated\"><div class=\"elementor-widget-wrap\"><div class=\"elementor-element elementor-element-73480cb elementor-widget elementor-widget-text-editor\" data-id=\"73480cb\" data-element_type=\"widget\" data-widget_type=\"text-editor.default\"><div class=\"elementor-widget-container\"><div class=\"elementor-text-editor elementor-clearfix\"><p>Para mejorar la apariencia general se realiza un examen exhaustivo de la est\u00e9tica de la sonrisa. A menudo, hacen falta uno o m\u00e1s procedimientos est\u00e9ticos, como carillas dentales, implantes dentales, escultura gingival y blanqueamiento dental, para conseguir el aspecto que deseas.<\/p><\/div><p>Por otro lado, si adem\u00e1s de la est\u00e9tica se busca resolver problemas fundamentales\u00a0 como mordida, m\u00fasculos, dientes y estructura \u00f3sea. Los materiales actuales permiten tratamientos m\u00e1s duraderos, funcionales y cl\u00ednicamente sanos y tambi\u00e9n est\u00e9ticamente naturales.<\/p><\/div><\/div><\/div><\/div><\/div><\/div><\/div><\/section>\t\t\t\t\t\t\t\t<\/div>\n\t\t\t\t<\/div>\n\t\t\t\t\t<\/div>\n\t\t\t\t<\/div>\n\t\t<div class=\"elementor-element elementor-element-20d710c e-flex e-con-boxed e-con e-parent\" data-id=\"20d710c\" data-element_type=\"container\" data-e-type=\"container\" data-settings=\"{&quot;_ha_eqh_enable&quot;:false}\">\n\t\t\t\t\t<div class=\"e-con-inner\">\n\t\t<div class=\"elementor-element elementor-element-90026e5 e-con-full e-flex e-con e-child\" data-id=\"90026e5\" data-element_type=\"container\" data-e-type=\"container\" data-settings=\"{&quot;_ha_eqh_enable&quot;:false}\">\n\t\t\t\t<div class=\"elementor-element elementor-element-1867752 elementor-widget elementor-widget-heading\" data-id=\"1867752\" data-element_type=\"widget\" data-e-type=\"widget\" data-widget_type=\"heading.default\">\n\t\t\t\t<div class=\"elementor-widget-container\">\n\t\t\t\t\t<h2 class=\"elementor-heading-title elementor-size-default\">\u00bfTienes alguna duda?<\/h2>\t\t\t\t<\/div>\n\t\t\t\t<\/div>\n\t\t\t\t<div class=\"elementor-element elementor-element-e3ab9d4 elementor-widget elementor-widget-text-editor\" data-id=\"e3ab9d4\" data-element_type=\"widget\" data-e-type=\"widget\" data-widget_type=\"text-editor.default\">\n\t\t\t\t<div class=\"elementor-widget-container\">\n\t\t\t\t\t\t\t\t\t<p>Por favor, no dudes en ponerte en contacto con nosotros!<\/p>\t\t\t\t\t\t\t\t<\/div>\n\t\t\t\t<\/div>\n\t\t\t\t<div class=\"elementor-element elementor-element-df52f29 elementor-tablet-align-center elementor-widget elementor-widget-button\" data-id=\"df52f29\" data-element_type=\"widget\" data-e-type=\"widget\" data-widget_type=\"button.default\">\n\t\t\t\t<div class=\"elementor-widget-container\">\n\t\t\t\t\t\t\t\t\t<div class=\"elementor-button-wrapper\">\n\t\t\t\t\t<a class=\"elementor-button elementor-button-link elementor-size-sm\" href=\"https:\/\/clinicadentalzocalo.com\/index.php\/contact\/\">\n\t\t\t\t\t\t<span class=\"elementor-button-content-wrapper\">\n\t\t\t\t\t\t<span class=\"elementor-button-icon\">\n\t\t\t\t<svg xmlns=\"http:\/\/www.w3.org\/2000\/svg\" viewBox=\"0 0 24 24\"><path fill-rule=\"evenodd\" d=\"M24 0v22.78h-2.87V4.9L2.03 24 0 21.97l19.1-19.1H1.26V0H24Z\"><\/path><\/svg>\t\t\t<\/span>\n\t\t\t\t\t\t\t\t\t<span class=\"elementor-button-text\">Contactanos<\/span>\n\t\t\t\t\t<\/span>\n\t\t\t\t\t<\/a>\n\t\t\t\t<\/div>\n\t\t\t\t\t\t\t\t<\/div>\n\t\t\t\t<\/div>\n\t\t\t\t<\/div>\n\t\t<div class=\"elementor-element elementor-element-419ad5c e-con-full e-flex e-con e-child\" data-id=\"419ad5c\" data-element_type=\"container\" data-e-type=\"container\" data-settings=\"{&quot;_ha_eqh_enable&quot;:false}\">\n\t\t\t\t<div class=\"elementor-element elementor-element-2b7f19e elementor-widget elementor-widget-image\" data-id=\"2b7f19e\" data-element_type=\"widget\" data-e-type=\"widget\" data-widget_type=\"image.default\">\n\t\t\t\t<div class=\"elementor-widget-container\">\n\t\t\t\t\t\t\t\t\t\t\t\t\t\t\t<img decoding=\"async\" width=\"663\" height=\"1024\" src=\"https:\/\/clinicadentalzocalo.com\/wp-content\/uploads\/2024\/02\/services-page-cta-image-2-663x1024.webp\" class=\"attachment-large size-large wp-image-215\" alt=\"\" srcset=\"https:\/\/clinicadentalzocalo.com\/wp-content\/uploads\/2024\/02\/services-page-cta-image-2-663x1024.webp 663w, https:\/\/clinicadentalzocalo.com\/wp-content\/uploads\/2024\/02\/services-page-cta-image-2-194x300.webp 194w, https:\/\/clinicadentalzocalo.com\/wp-content\/uploads\/2024\/02\/services-page-cta-image-2-768x1187.webp 768w, https:\/\/clinicadentalzocalo.com\/wp-content\/uploads\/2024\/02\/services-page-cta-image-2.webp 825w\" sizes=\"(max-width: 663px) 100vw, 663px\" \/>\t\t\t\t\t\t\t\t\t\t\t\t\t\t\t<\/div>\n\t\t\t\t<\/div>\n\t\t\t\t<div class=\"elementor-element elementor-element-fb66b64 elementor-widget elementor-widget-image\" data-id=\"fb66b64\" data-element_type=\"widget\" data-e-type=\"widget\" data-widget_type=\"image.default\">\n\t\t\t\t<div class=\"elementor-widget-container\">\n\t\t\t\t\t\t\t\t\t\t\t\t\t\t\t<img decoding=\"async\" width=\"663\" height=\"1024\" src=\"https:\/\/clinicadentalzocalo.com\/wp-content\/uploads\/2024\/02\/services-page-cta-image-3-663x1024.webp\" class=\"attachment-large size-large wp-image-216\" alt=\"\" srcset=\"https:\/\/clinicadentalzocalo.com\/wp-content\/uploads\/2024\/02\/services-page-cta-image-3-663x1024.webp 663w, https:\/\/clinicadentalzocalo.com\/wp-content\/uploads\/2024\/02\/services-page-cta-image-3-194x300.webp 194w, https:\/\/clinicadentalzocalo.com\/wp-content\/uploads\/2024\/02\/services-page-cta-image-3-768x1187.webp 768w, https:\/\/clinicadentalzocalo.com\/wp-content\/uploads\/2024\/02\/services-page-cta-image-3.webp 825w\" sizes=\"(max-width: 663px) 100vw, 663px\" \/>\t\t\t\t\t\t\t\t\t\t\t\t\t\t\t<\/div>\n\t\t\t\t<\/div>\n\t\t\t\t<\/div>\n\t\t\t\t\t<\/div>\n\t\t\t\t<\/div>\n\t\t\t\t<\/div>\n\t\t","protected":false},"excerpt":{"rendered":"<p>\u00bfQuieres cambiar el aspecto o resolver un problema dental? Si lo que buscas en mejorar la apariencia de tu dentadura o resolver problemas de mordida, m\u00fasculos, dientes u estructura \u00f3sea. \u00bfQu\u00e9 diferencia hay? Para mejorar la apariencia general se realiza un examen exhaustivo de la est\u00e9tica de la sonrisa. A menudo, hacen falta uno o [&hellip;]<\/p>\n","protected":false},"author":1,"featured_media":0,"parent":0,"menu_order":0,"comment_status":"closed","ping_status":"closed","template":"","meta":{"footnotes":""},"class_list":["post-2756","page","type-page","status-publish","hentry"],"blocksy_meta":[],"_links":{"self":[{"href":"https:\/\/clinicadentalzocalo.com\/index.php\/wp-json\/wp\/v2\/pages\/2756","targetHints":{"allow":["GET"]}}],"collection":[{"href":"https:\/\/clinicadentalzocalo.com\/index.php\/wp-json\/wp\/v2\/pages"}],"about":[{"href":"https:\/\/clinicadentalzocalo.com\/index.php\/wp-json\/wp\/v2\/types\/page"}],"author":[{"embeddable":true,"href":"https:\/\/clinicadentalzocalo.com\/index.php\/wp-json\/wp\/v2\/users\/1"}],"replies":[{"embeddable":true,"href":"https:\/\/clinicadentalzocalo.com\/index.php\/wp-json\/wp\/v2\/comments?post=2756"}],"version-history":[{"count":25,"href":"https:\/\/clinicadentalzocalo.com\/index.php\/wp-json\/wp\/v2\/pages\/2756\/revisions"}],"predecessor-version":[{"id":3054,"href":"https:\/\/clinicadentalzocalo.com\/index.php\/wp-json\/wp\/v2\/pages\/2756\/revisions\/3054"}],"wp:attachment":[{"href":"https:\/\/clinicadentalzocalo.com\/index.php\/wp-json\/wp\/v2\/media?parent=2756"}],"curies":[{"name":"wp","href":"https:\/\/api.w.org\/{rel}","templated":true}]}}