{"id":2485,"date":"2024-07-04T18:50:27","date_gmt":"2024-07-04T18:50:27","guid":{"rendered":"https:\/\/clinicadentalzocalo.com\/?page_id=2485"},"modified":"2024-07-10T10:01:51","modified_gmt":"2024-07-10T10:01:51","slug":"services-10-2","status":"publish","type":"page","link":"https:\/\/clinicadentalzocalo.com\/index.php\/services-10-2\/","title":{"rendered":"Incrustaciones"},"content":{"rendered":"\t\t<div data-elementor-type=\"wp-page\" data-elementor-id=\"2485\" class=\"elementor elementor-2485\" data-elementor-settings=\"{&quot;ha_cmc_init_switcher&quot;:&quot;no&quot;}\">\n\t\t\t\t<div class=\"elementor-element elementor-element-b24655f e-flex e-con-boxed e-con e-parent\" data-id=\"b24655f\" data-element_type=\"container\" data-e-type=\"container\" data-settings=\"{&quot;_ha_eqh_enable&quot;:false}\">\n\t\t\t\t\t<div class=\"e-con-inner\">\n\t\t<div class=\"elementor-element elementor-element-1b88c9a e-flex e-con-boxed e-con e-child\" data-id=\"1b88c9a\" data-element_type=\"container\" data-e-type=\"container\" data-settings=\"{&quot;background_background&quot;:&quot;classic&quot;,&quot;_ha_eqh_enable&quot;:false}\">\n\t\t\t\t\t<div class=\"e-con-inner\">\n\t\t<div class=\"elementor-element elementor-element-657070c e-con-full e-flex e-con e-child\" data-id=\"657070c\" data-element_type=\"container\" data-e-type=\"container\" data-settings=\"{&quot;_ha_eqh_enable&quot;:false}\">\n\t\t\t\t<div class=\"elementor-element elementor-element-3ff157b elementor-widget elementor-widget-heading\" data-id=\"3ff157b\" data-element_type=\"widget\" data-e-type=\"widget\" data-widget_type=\"heading.default\">\n\t\t\t\t<div class=\"elementor-widget-container\">\n\t\t\t\t\t<h2 class=\"elementor-heading-title elementor-size-default\">\u00bfEn que consiste?<\/h2>\t\t\t\t<\/div>\n\t\t\t\t<\/div>\n\t\t\t\t<div class=\"elementor-element elementor-element-414ece8 elementor-widget elementor-widget-text-editor\" data-id=\"414ece8\" data-element_type=\"widget\" data-e-type=\"widget\" data-widget_type=\"text-editor.default\">\n\t\t\t\t<div class=\"elementor-widget-container\">\n\t\t\t\t\t\t\t\t\t<p>Las incrustaciones dentales son restauraciones que se utilizan para reparar los dientes posteriores que han sufrido una caries leve o moderada<\/p>\t\t\t\t\t\t\t\t<\/div>\n\t\t\t\t<\/div>\n\t\t\t\t<\/div>\n\t\t<div class=\"elementor-element elementor-element-98d9719 e-con-full e-flex e-con e-child\" data-id=\"98d9719\" data-element_type=\"container\" data-e-type=\"container\" data-settings=\"{&quot;_ha_eqh_enable&quot;:false}\">\n\t\t\t\t<div class=\"elementor-element elementor-element-508a297 elementor-widget elementor-widget-image\" data-id=\"508a297\" data-element_type=\"widget\" data-e-type=\"widget\" data-widget_type=\"image.default\">\n\t\t\t\t<div class=\"elementor-widget-container\">\n\t\t\t\t\t\t\t\t\t\t\t\t\t\t\t<img fetchpriority=\"high\" decoding=\"async\" width=\"660\" height=\"311\" src=\"https:\/\/clinicadentalzocalo.com\/wp-content\/uploads\/2024\/07\/imagen_final.png\" class=\"attachment-medium_large size-medium_large wp-image-2499\" alt=\"\" srcset=\"https:\/\/clinicadentalzocalo.com\/wp-content\/uploads\/2024\/07\/imagen_final.png 660w, https:\/\/clinicadentalzocalo.com\/wp-content\/uploads\/2024\/07\/imagen_final-300x141.png 300w\" sizes=\"(max-width: 660px) 100vw, 660px\" \/>\t\t\t\t\t\t\t\t\t\t\t\t\t\t\t<\/div>\n\t\t\t\t<\/div>\n\t\t\t\t<\/div>\n\t\t\t\t\t<\/div>\n\t\t\t\t<\/div>\n\t\t\t\t\t<\/div>\n\t\t\t\t<\/div>\n\t\t<div class=\"elementor-element elementor-element-0609b2d e-flex e-con-boxed e-con e-parent\" data-id=\"0609b2d\" data-element_type=\"container\" data-e-type=\"container\" data-settings=\"{&quot;_ha_eqh_enable&quot;:false}\">\n\t\t\t\t\t<div class=\"e-con-inner\">\n\t\t\t\t<div class=\"elementor-element elementor-element-4394ad9 elementor-widget elementor-widget-heading\" data-id=\"4394ad9\" data-element_type=\"widget\" data-e-type=\"widget\" data-widget_type=\"heading.default\">\n\t\t\t\t<div class=\"elementor-widget-container\">\n\t\t\t\t\t<h2 class=\"elementor-heading-title elementor-size-default\">\u00bfComo Funciona?<\/h2>\t\t\t\t<\/div>\n\t\t\t\t<\/div>\n\t\t\t\t<div class=\"elementor-element elementor-element-c9a47b3 elementor-widget__width-initial elementor-widget elementor-widget-text-editor\" data-id=\"c9a47b3\" data-element_type=\"widget\" data-e-type=\"widget\" data-widget_type=\"text-editor.default\">\n\t\t\t\t<div class=\"elementor-widget-container\">\n\t\t\t\t\t\t\t\t\t<p>La incrustaci\u00f3n dental nos permite <strong>restaurar parcialmente las piezas posteriores<\/strong> da\u00f1adas, generalmente los molares. Los da\u00f1os m\u00e1s comunes son las lesiones cariog\u00e9nicas, las fisuras y el desgaste dental. Pueden ser de porcelana o materiales compuestos. Son una forma duradera de proporcionar un \u00abrelleno\u00bb a los dientes con caries o da\u00f1os estructurales similares.<\/p><p>De esta manera, <strong>conseguimos recuperar la est\u00e9tica, la forma y la funci\u00f3n<\/strong> completa de la pieza dental.<\/p>\t\t\t\t\t\t\t\t<\/div>\n\t\t\t\t<\/div>\n\t\t\t\t\t<\/div>\n\t\t\t\t<\/div>\n\t\t<div class=\"elementor-element elementor-element-20d710c e-flex e-con-boxed e-con e-parent\" data-id=\"20d710c\" data-element_type=\"container\" data-e-type=\"container\" data-settings=\"{&quot;_ha_eqh_enable&quot;:false}\">\n\t\t\t\t\t<div class=\"e-con-inner\">\n\t\t<div class=\"elementor-element elementor-element-90026e5 e-con-full e-flex e-con e-child\" data-id=\"90026e5\" data-element_type=\"container\" data-e-type=\"container\" data-settings=\"{&quot;_ha_eqh_enable&quot;:false}\">\n\t\t\t\t<div class=\"elementor-element elementor-element-1867752 elementor-widget elementor-widget-heading\" data-id=\"1867752\" data-element_type=\"widget\" data-e-type=\"widget\" data-widget_type=\"heading.default\">\n\t\t\t\t<div class=\"elementor-widget-container\">\n\t\t\t\t\t<h2 class=\"elementor-heading-title elementor-size-default\">\u00bfTienes alguna duda?<\/h2>\t\t\t\t<\/div>\n\t\t\t\t<\/div>\n\t\t\t\t<div class=\"elementor-element elementor-element-e3ab9d4 elementor-widget elementor-widget-text-editor\" data-id=\"e3ab9d4\" data-element_type=\"widget\" data-e-type=\"widget\" data-widget_type=\"text-editor.default\">\n\t\t\t\t<div class=\"elementor-widget-container\">\n\t\t\t\t\t\t\t\t\t<p>Por favor, no dudes en ponerte en contacto con nosotros!<\/p>\t\t\t\t\t\t\t\t<\/div>\n\t\t\t\t<\/div>\n\t\t\t\t<div class=\"elementor-element elementor-element-df52f29 elementor-tablet-align-center elementor-widget elementor-widget-button\" data-id=\"df52f29\" data-element_type=\"widget\" data-e-type=\"widget\" data-widget_type=\"button.default\">\n\t\t\t\t<div class=\"elementor-widget-container\">\n\t\t\t\t\t\t\t\t\t<div class=\"elementor-button-wrapper\">\n\t\t\t\t\t<a class=\"elementor-button elementor-button-link elementor-size-sm\" href=\"https:\/\/clinicadentalzocalo.com\/index.php\/contact\/\">\n\t\t\t\t\t\t<span class=\"elementor-button-content-wrapper\">\n\t\t\t\t\t\t<span class=\"elementor-button-icon\">\n\t\t\t\t<svg xmlns=\"http:\/\/www.w3.org\/2000\/svg\" viewBox=\"0 0 24 24\"><path fill-rule=\"evenodd\" d=\"M24 0v22.78h-2.87V4.9L2.03 24 0 21.97l19.1-19.1H1.26V0H24Z\"><\/path><\/svg>\t\t\t<\/span>\n\t\t\t\t\t\t\t\t\t<span class=\"elementor-button-text\">Contactanos<\/span>\n\t\t\t\t\t<\/span>\n\t\t\t\t\t<\/a>\n\t\t\t\t<\/div>\n\t\t\t\t\t\t\t\t<\/div>\n\t\t\t\t<\/div>\n\t\t\t\t<\/div>\n\t\t<div class=\"elementor-element elementor-element-419ad5c e-con-full e-flex e-con e-child\" data-id=\"419ad5c\" data-element_type=\"container\" data-e-type=\"container\" data-settings=\"{&quot;_ha_eqh_enable&quot;:false}\">\n\t\t\t\t<div class=\"elementor-element elementor-element-2b7f19e elementor-widget elementor-widget-image\" data-id=\"2b7f19e\" data-element_type=\"widget\" data-e-type=\"widget\" data-widget_type=\"image.default\">\n\t\t\t\t<div class=\"elementor-widget-container\">\n\t\t\t\t\t\t\t\t\t\t\t\t\t\t\t<img decoding=\"async\" width=\"663\" height=\"1024\" src=\"https:\/\/clinicadentalzocalo.com\/wp-content\/uploads\/2024\/02\/services-page-cta-image-2-663x1024.webp\" class=\"attachment-large size-large wp-image-215\" alt=\"\" srcset=\"https:\/\/clinicadentalzocalo.com\/wp-content\/uploads\/2024\/02\/services-page-cta-image-2-663x1024.webp 663w, https:\/\/clinicadentalzocalo.com\/wp-content\/uploads\/2024\/02\/services-page-cta-image-2-194x300.webp 194w, https:\/\/clinicadentalzocalo.com\/wp-content\/uploads\/2024\/02\/services-page-cta-image-2-768x1187.webp 768w, https:\/\/clinicadentalzocalo.com\/wp-content\/uploads\/2024\/02\/services-page-cta-image-2.webp 825w\" sizes=\"(max-width: 663px) 100vw, 663px\" \/>\t\t\t\t\t\t\t\t\t\t\t\t\t\t\t<\/div>\n\t\t\t\t<\/div>\n\t\t\t\t<div class=\"elementor-element elementor-element-fb66b64 elementor-widget elementor-widget-image\" data-id=\"fb66b64\" data-element_type=\"widget\" data-e-type=\"widget\" data-widget_type=\"image.default\">\n\t\t\t\t<div class=\"elementor-widget-container\">\n\t\t\t\t\t\t\t\t\t\t\t\t\t\t\t<img decoding=\"async\" width=\"663\" height=\"1024\" src=\"https:\/\/clinicadentalzocalo.com\/wp-content\/uploads\/2024\/02\/services-page-cta-image-3-663x1024.webp\" class=\"attachment-large size-large wp-image-216\" alt=\"\" srcset=\"https:\/\/clinicadentalzocalo.com\/wp-content\/uploads\/2024\/02\/services-page-cta-image-3-663x1024.webp 663w, https:\/\/clinicadentalzocalo.com\/wp-content\/uploads\/2024\/02\/services-page-cta-image-3-194x300.webp 194w, https:\/\/clinicadentalzocalo.com\/wp-content\/uploads\/2024\/02\/services-page-cta-image-3-768x1187.webp 768w, https:\/\/clinicadentalzocalo.com\/wp-content\/uploads\/2024\/02\/services-page-cta-image-3.webp 825w\" sizes=\"(max-width: 663px) 100vw, 663px\" \/>\t\t\t\t\t\t\t\t\t\t\t\t\t\t\t<\/div>\n\t\t\t\t<\/div>\n\t\t\t\t<\/div>\n\t\t\t\t\t<\/div>\n\t\t\t\t<\/div>\n\t\t\t\t<\/div>\n\t\t","protected":false},"excerpt":{"rendered":"<p>\u00bfEn que consiste? Las incrustaciones dentales son restauraciones que se utilizan para reparar los dientes posteriores que han sufrido una caries leve o moderada \u00bfComo Funciona? La incrustaci\u00f3n dental nos permite restaurar parcialmente las piezas posteriores da\u00f1adas, generalmente los molares. Los da\u00f1os m\u00e1s comunes son las lesiones cariog\u00e9nicas, las fisuras y el desgaste dental. Pueden [&hellip;]<\/p>\n","protected":false},"author":1,"featured_media":0,"parent":0,"menu_order":0,"comment_status":"closed","ping_status":"closed","template":"","meta":{"footnotes":""},"class_list":["post-2485","page","type-page","status-publish","hentry"],"blocksy_meta":[],"_links":{"self":[{"href":"https:\/\/clinicadentalzocalo.com\/index.php\/wp-json\/wp\/v2\/pages\/2485","targetHints":{"allow":["GET"]}}],"collection":[{"href":"https:\/\/clinicadentalzocalo.com\/index.php\/wp-json\/wp\/v2\/pages"}],"about":[{"href":"https:\/\/clinicadentalzocalo.com\/index.php\/wp-json\/wp\/v2\/types\/page"}],"author":[{"embeddable":true,"href":"https:\/\/clinicadentalzocalo.com\/index.php\/wp-json\/wp\/v2\/users\/1"}],"replies":[{"embeddable":true,"href":"https:\/\/clinicadentalzocalo.com\/index.php\/wp-json\/wp\/v2\/comments?post=2485"}],"version-history":[{"count":18,"href":"https:\/\/clinicadentalzocalo.com\/index.php\/wp-json\/wp\/v2\/pages\/2485\/revisions"}],"predecessor-version":[{"id":3000,"href":"https:\/\/clinicadentalzocalo.com\/index.php\/wp-json\/wp\/v2\/pages\/2485\/revisions\/3000"}],"wp:attachment":[{"href":"https:\/\/clinicadentalzocalo.com\/index.php\/wp-json\/wp\/v2\/media?parent=2485"}],"curies":[{"name":"wp","href":"https:\/\/api.w.org\/{rel}","templated":true}]}}