{"id":2314,"date":"2024-05-20T20:38:33","date_gmt":"2024-05-20T20:38:33","guid":{"rendered":"https:\/\/clinicadentalzocalo.com\/?page_id=2314"},"modified":"2024-07-10T10:10:48","modified_gmt":"2024-07-10T10:10:48","slug":"profilaxis","status":"publish","type":"page","link":"https:\/\/clinicadentalzocalo.com\/index.php\/profilaxis\/","title":{"rendered":"Profilaxis"},"content":{"rendered":"\t\t<div data-elementor-type=\"wp-page\" data-elementor-id=\"2314\" class=\"elementor elementor-2314\" data-elementor-settings=\"{&quot;ha_cmc_init_switcher&quot;:&quot;no&quot;}\">\n\t\t\t\t<div class=\"elementor-element elementor-element-b24655f e-flex e-con-boxed e-con e-parent\" data-id=\"b24655f\" data-element_type=\"container\" data-e-type=\"container\" data-settings=\"{&quot;_ha_eqh_enable&quot;:false}\">\n\t\t\t\t\t<div class=\"e-con-inner\">\n\t\t<div class=\"elementor-element elementor-element-1b88c9a e-flex e-con-boxed e-con e-child\" data-id=\"1b88c9a\" data-element_type=\"container\" data-e-type=\"container\" data-settings=\"{&quot;background_background&quot;:&quot;classic&quot;,&quot;_ha_eqh_enable&quot;:false}\">\n\t\t\t\t\t<div class=\"e-con-inner\">\n\t\t<div class=\"elementor-element elementor-element-657070c e-con-full e-flex e-con e-child\" data-id=\"657070c\" data-element_type=\"container\" data-e-type=\"container\" data-settings=\"{&quot;_ha_eqh_enable&quot;:false}\">\n\t\t\t\t<div class=\"elementor-element elementor-element-3ff157b elementor-widget elementor-widget-heading\" data-id=\"3ff157b\" data-element_type=\"widget\" data-e-type=\"widget\" data-widget_type=\"heading.default\">\n\t\t\t\t<div class=\"elementor-widget-container\">\n\t\t\t\t\t<h2 class=\"elementor-heading-title elementor-size-default\">\u00bfTienes dudas sobre la profilaxis?<\/h2>\t\t\t\t<\/div>\n\t\t\t\t<\/div>\n\t\t\t\t<div class=\"elementor-element elementor-element-414ece8 elementor-widget elementor-widget-text-editor\" data-id=\"414ece8\" data-element_type=\"widget\" data-e-type=\"widget\" data-widget_type=\"text-editor.default\">\n\t\t\t\t<div class=\"elementor-widget-container\">\n\t\t\t\t\t\t\t\t\t<p><span class=\"TextRun SCXO21097462 BCX8\" lang=\"ES\" xml:lang=\"ES\" data-contrast=\"auto\"><span class=\"NormalTextRun SCXO21097462 BCX8\">Si tienes que realizarte tu limpieza dental o necesitas tratar tus problemas de enc\u00edas de manera m\u00e1s profunda prueba nuestro nuevo sistema. Notar\u00e1s la diferencia<\/span><\/span><\/p>\t\t\t\t\t\t\t\t<\/div>\n\t\t\t\t<\/div>\n\t\t\t\t<\/div>\n\t\t<div class=\"elementor-element elementor-element-98d9719 e-con-full e-flex e-con e-child\" data-id=\"98d9719\" data-element_type=\"container\" data-e-type=\"container\" data-settings=\"{&quot;_ha_eqh_enable&quot;:false}\">\n\t\t<div class=\"elementor-element elementor-element-e56c810 e-flex e-con-boxed e-con e-child\" data-id=\"e56c810\" data-element_type=\"container\" data-e-type=\"container\" data-settings=\"{&quot;_ha_eqh_enable&quot;:false}\">\n\t\t\t\t\t<div class=\"e-con-inner\">\n\t\t\t\t<div class=\"elementor-element elementor-element-c972f6e elementor-widget elementor-widget-image\" data-id=\"c972f6e\" data-element_type=\"widget\" data-e-type=\"widget\" data-widget_type=\"image.default\">\n\t\t\t\t<div class=\"elementor-widget-container\">\n\t\t\t\t\t\t\t\t\t\t\t\t\t\t\t<img fetchpriority=\"high\" decoding=\"async\" width=\"800\" height=\"400\" src=\"https:\/\/clinicadentalzocalo.com\/wp-content\/uploads\/2024\/05\/profilaxis.png\" class=\"attachment-large size-large wp-image-2325\" alt=\"\" srcset=\"https:\/\/clinicadentalzocalo.com\/wp-content\/uploads\/2024\/05\/profilaxis.png 800w, https:\/\/clinicadentalzocalo.com\/wp-content\/uploads\/2024\/05\/profilaxis-300x150.png 300w, https:\/\/clinicadentalzocalo.com\/wp-content\/uploads\/2024\/05\/profilaxis-768x384.png 768w\" sizes=\"(max-width: 800px) 100vw, 800px\" \/>\t\t\t\t\t\t\t\t\t\t\t\t\t\t\t<\/div>\n\t\t\t\t<\/div>\n\t\t\t\t\t<\/div>\n\t\t\t\t<\/div>\n\t\t\t\t<\/div>\n\t\t\t\t\t<\/div>\n\t\t\t\t<\/div>\n\t\t\t\t\t<\/div>\n\t\t\t\t<\/div>\n\t\t<div class=\"elementor-element elementor-element-0609b2d e-flex e-con-boxed e-con e-parent\" data-id=\"0609b2d\" data-element_type=\"container\" data-e-type=\"container\" data-settings=\"{&quot;_ha_eqh_enable&quot;:false}\">\n\t\t\t\t\t<div class=\"e-con-inner\">\n\t\t\t\t<div class=\"elementor-element elementor-element-4394ad9 elementor-widget elementor-widget-heading\" data-id=\"4394ad9\" data-element_type=\"widget\" data-e-type=\"widget\" data-widget_type=\"heading.default\">\n\t\t\t\t<div class=\"elementor-widget-container\">\n\t\t\t\t\t<h2 class=\"elementor-heading-title elementor-size-default\">\u00bfEn que se diferencia de la limpieza normal?<\/h2>\t\t\t\t<\/div>\n\t\t\t\t<\/div>\n\t\t\t\t<div class=\"elementor-element elementor-element-c9a47b3 elementor-widget__width-initial elementor-widget elementor-widget-text-editor\" data-id=\"c9a47b3\" data-element_type=\"widget\" data-e-type=\"widget\" data-widget_type=\"text-editor.default\">\n\t\t\t\t<div class=\"elementor-widget-container\">\n\t\t\t\t\t\t\t\t\t<p>Hasta ahora la limpieza dental (tambi\u00e9n llamada profilaxis dental) se realizaba utilizando primero un instrumento ultras\u00f3nico para eliminar el sarro duro visible y luego pasando un\u00a0aeropulidor\u00a0o unas copas de goma y una pasta para eliminar las manchas y pulir el diente.<\/p><p>Es cierto que tanto la limpieza dental tradicional, como la limpieza dental m\u00e1s profunda, pod\u00edan ser tratamientos\u00a0 poco agradables\u00a0 donde pod\u00eda existir dolor o sensibilidad, aunque son imprescindibles para conseguir una buena salud y est\u00e9tica dental y prevenir la aparici\u00f3n de problemas.\u00a0<\/p>\t\t\t\t\t\t\t\t<\/div>\n\t\t\t\t<\/div>\n\t\t\t\t\t<\/div>\n\t\t\t\t<\/div>\n\t\t<div class=\"elementor-element elementor-element-5647540 e-flex e-con-boxed e-con e-parent\" data-id=\"5647540\" data-element_type=\"container\" data-e-type=\"container\" data-settings=\"{&quot;_ha_eqh_enable&quot;:false}\">\n\t\t\t\t\t<div class=\"e-con-inner\">\n\t\t\t\t<div class=\"elementor-element elementor-element-76f75ae elementor-widget__width-initial elementor-widget elementor-widget-text-editor\" data-id=\"76f75ae\" data-element_type=\"widget\" data-e-type=\"widget\" data-widget_type=\"text-editor.default\">\n\t\t\t\t<div class=\"elementor-widget-container\">\n\t\t\t\t\t\t\t\t\t<p><span data-contrast=\"none\">En Z\u00f3calo damos mucha importancia a la salud de las enc\u00edas y a la comodidad de nuestros pacientes, y por eso hemos incorporado, el\u00a0<\/span><b><span data-contrast=\"none\">Airflow\u00a0Prophylaxis\u00a0Master<\/span><\/b><span data-contrast=\"none\">, con el que conseguimos realizar limpiezas m\u00ednimamente invasivas, conservadoras con los tejidos periodontales y sin dolor. Eliminando el dolor y la sensibilidad tanto durante la limpieza como en los d\u00edas posteriores.<\/span>\u00a0<b><\/b><\/p><p><span data-contrast=\"none\">Gracias a esta m\u00e1quina podemos realizar un protocolo\u00a0 de GBT (Guided\u00a0Biofilm\u00a0Therapy\u00a0o Terapia Guiada de control de\u00a0Biofilm) una revoluci\u00f3n en el campo de la profilaxis dental que invierte la secuencia tradicional e introduce nuevos elementos para revelar la placa invisible, eliminarla y descontaminar dientes, enc\u00edas e implantes,\u00a0 y eliminar el sarro de manera m\u00e1s efectiva, r\u00e1pida e indolora para el paciente.<\/span><\/p><p><span data-contrast=\"none\">Con el Protocolo GBT aplicamos primero un revelador de\u00a0biofilm\u00a0que ti\u00f1e todas las zonas donde existen bacterias y luego realizamos su eliminaci\u00f3n guiada mediante unos\u00a0aeropulidores\u00a0patentados (AIRFLOW Y PERIOFLOW) que nos permiten, tanto eliminar la placa, como descontaminar dientes, enc\u00edas e implantes y ablandar el sarro duro.<\/span><\/p><p><span data-contrast=\"none\">Para eliminar el sarro duro tambi\u00e9n hemos sustituido la pieza de ultrasonidos convencional por su instrumento PIEZON NO PAIN (m\u00e1s delgado y con un sensor de presi\u00f3n que se adapta a la superficie sobre la que estamos trabajando)<\/span><\/p>\t\t\t\t\t\t\t\t<\/div>\n\t\t\t\t<\/div>\n\t\t\t\t\t<\/div>\n\t\t\t\t<\/div>\n\t\t<div class=\"elementor-element elementor-element-eb477dd e-flex e-con-boxed e-con e-parent\" data-id=\"eb477dd\" data-element_type=\"container\" data-e-type=\"container\" data-settings=\"{&quot;_ha_eqh_enable&quot;:false}\">\n\t\t\t\t\t<div class=\"e-con-inner\">\n\t\t\t\t<div class=\"elementor-element elementor-element-1556225 elementor-widget elementor-widget-heading\" data-id=\"1556225\" data-element_type=\"widget\" data-e-type=\"widget\" data-widget_type=\"heading.default\">\n\t\t\t\t<div class=\"elementor-widget-container\">\n\t\t\t\t\t<h2 class=\"elementor-heading-title elementor-size-default\">\u00bfPara quien est\u00e1 indicado? <\/h2>\t\t\t\t<\/div>\n\t\t\t\t<\/div>\n\t\t\t\t<div class=\"elementor-element elementor-element-fe8c62c elementor-widget__width-initial elementor-widget elementor-widget-text-editor\" data-id=\"fe8c62c\" data-element_type=\"widget\" data-e-type=\"widget\" data-widget_type=\"text-editor.default\">\n\t\t\t\t<div class=\"elementor-widget-container\">\n\t\t\t\t\t\t\t\t\t<p><span data-contrast=\"auto\">Pacientes con problemas de enc\u00edas<\/span><\/p><p><span data-contrast=\"auto\">Pacientes con sensibilidad<\/span><\/p><p><span data-contrast=\"auto\">Pacientes portadores de implantes<\/span><\/p><p><span data-contrast=\"auto\">Pacientes en tratamiento de ortodoncia<\/span><\/p><p><span data-contrast=\"auto\">Ni\u00f1os y pacientes con miedo al dentista<\/span><\/p>\t\t\t\t\t\t\t\t<\/div>\n\t\t\t\t<\/div>\n\t\t\t\t\t<\/div>\n\t\t\t\t<\/div>\n\t\t<div class=\"elementor-element elementor-element-20d710c e-flex e-con-boxed e-con e-parent\" data-id=\"20d710c\" data-element_type=\"container\" data-e-type=\"container\" data-settings=\"{&quot;_ha_eqh_enable&quot;:false}\">\n\t\t\t\t\t<div class=\"e-con-inner\">\n\t\t<div class=\"elementor-element elementor-element-90026e5 e-con-full e-flex e-con e-child\" data-id=\"90026e5\" data-element_type=\"container\" data-e-type=\"container\" data-settings=\"{&quot;_ha_eqh_enable&quot;:false}\">\n\t\t\t\t<div class=\"elementor-element elementor-element-1867752 elementor-widget elementor-widget-heading\" data-id=\"1867752\" data-element_type=\"widget\" data-e-type=\"widget\" data-widget_type=\"heading.default\">\n\t\t\t\t<div class=\"elementor-widget-container\">\n\t\t\t\t\t<h2 class=\"elementor-heading-title elementor-size-default\">\u00bfTienes alguna duda?<\/h2>\t\t\t\t<\/div>\n\t\t\t\t<\/div>\n\t\t\t\t<div class=\"elementor-element elementor-element-e3ab9d4 elementor-widget elementor-widget-text-editor\" data-id=\"e3ab9d4\" data-element_type=\"widget\" data-e-type=\"widget\" data-widget_type=\"text-editor.default\">\n\t\t\t\t<div class=\"elementor-widget-container\">\n\t\t\t\t\t\t\t\t\t<p>Por favor, no dudes en ponerte en contacto con nosotros!<\/p>\t\t\t\t\t\t\t\t<\/div>\n\t\t\t\t<\/div>\n\t\t\t\t<div class=\"elementor-element elementor-element-df52f29 elementor-tablet-align-center elementor-widget elementor-widget-button\" data-id=\"df52f29\" data-element_type=\"widget\" data-e-type=\"widget\" data-widget_type=\"button.default\">\n\t\t\t\t<div class=\"elementor-widget-container\">\n\t\t\t\t\t\t\t\t\t<div class=\"elementor-button-wrapper\">\n\t\t\t\t\t<a class=\"elementor-button elementor-button-link elementor-size-sm\" href=\"https:\/\/clinicadentalzocalo.com\/index.php\/contact\/\">\n\t\t\t\t\t\t<span class=\"elementor-button-content-wrapper\">\n\t\t\t\t\t\t<span class=\"elementor-button-icon\">\n\t\t\t\t<svg xmlns=\"http:\/\/www.w3.org\/2000\/svg\" viewBox=\"0 0 24 24\"><path fill-rule=\"evenodd\" d=\"M24 0v22.78h-2.87V4.9L2.03 24 0 21.97l19.1-19.1H1.26V0H24Z\"><\/path><\/svg>\t\t\t<\/span>\n\t\t\t\t\t\t\t\t\t<span class=\"elementor-button-text\">Contactanos<\/span>\n\t\t\t\t\t<\/span>\n\t\t\t\t\t<\/a>\n\t\t\t\t<\/div>\n\t\t\t\t\t\t\t\t<\/div>\n\t\t\t\t<\/div>\n\t\t\t\t<\/div>\n\t\t<div class=\"elementor-element elementor-element-419ad5c e-con-full e-flex e-con e-child\" data-id=\"419ad5c\" data-element_type=\"container\" data-e-type=\"container\" data-settings=\"{&quot;_ha_eqh_enable&quot;:false}\">\n\t\t\t\t<div class=\"elementor-element elementor-element-2b7f19e elementor-widget elementor-widget-image\" data-id=\"2b7f19e\" data-element_type=\"widget\" data-e-type=\"widget\" data-widget_type=\"image.default\">\n\t\t\t\t<div class=\"elementor-widget-container\">\n\t\t\t\t\t\t\t\t\t\t\t\t\t\t\t<img decoding=\"async\" width=\"663\" height=\"1024\" src=\"https:\/\/clinicadentalzocalo.com\/wp-content\/uploads\/2024\/02\/services-page-cta-image-2-663x1024.webp\" class=\"attachment-large size-large wp-image-215\" alt=\"\" srcset=\"https:\/\/clinicadentalzocalo.com\/wp-content\/uploads\/2024\/02\/services-page-cta-image-2-663x1024.webp 663w, https:\/\/clinicadentalzocalo.com\/wp-content\/uploads\/2024\/02\/services-page-cta-image-2-194x300.webp 194w, https:\/\/clinicadentalzocalo.com\/wp-content\/uploads\/2024\/02\/services-page-cta-image-2-768x1187.webp 768w, https:\/\/clinicadentalzocalo.com\/wp-content\/uploads\/2024\/02\/services-page-cta-image-2.webp 825w\" sizes=\"(max-width: 663px) 100vw, 663px\" \/>\t\t\t\t\t\t\t\t\t\t\t\t\t\t\t<\/div>\n\t\t\t\t<\/div>\n\t\t\t\t<div class=\"elementor-element elementor-element-fb66b64 elementor-widget elementor-widget-image\" data-id=\"fb66b64\" data-element_type=\"widget\" data-e-type=\"widget\" data-widget_type=\"image.default\">\n\t\t\t\t<div class=\"elementor-widget-container\">\n\t\t\t\t\t\t\t\t\t\t\t\t\t\t\t<img decoding=\"async\" width=\"663\" height=\"1024\" src=\"https:\/\/clinicadentalzocalo.com\/wp-content\/uploads\/2024\/02\/services-page-cta-image-3-663x1024.webp\" class=\"attachment-large size-large wp-image-216\" alt=\"\" srcset=\"https:\/\/clinicadentalzocalo.com\/wp-content\/uploads\/2024\/02\/services-page-cta-image-3-663x1024.webp 663w, https:\/\/clinicadentalzocalo.com\/wp-content\/uploads\/2024\/02\/services-page-cta-image-3-194x300.webp 194w, https:\/\/clinicadentalzocalo.com\/wp-content\/uploads\/2024\/02\/services-page-cta-image-3-768x1187.webp 768w, https:\/\/clinicadentalzocalo.com\/wp-content\/uploads\/2024\/02\/services-page-cta-image-3.webp 825w\" sizes=\"(max-width: 663px) 100vw, 663px\" \/>\t\t\t\t\t\t\t\t\t\t\t\t\t\t\t<\/div>\n\t\t\t\t<\/div>\n\t\t\t\t<\/div>\n\t\t\t\t\t<\/div>\n\t\t\t\t<\/div>\n\t\t\t\t<\/div>\n\t\t","protected":false},"excerpt":{"rendered":"<p>\u00bfTienes dudas sobre la profilaxis? Si tienes que realizarte tu limpieza dental o necesitas tratar tus problemas de enc\u00edas de manera m\u00e1s profunda prueba nuestro nuevo sistema. Notar\u00e1s la diferencia \u00bfEn que se diferencia de la limpieza normal? Hasta ahora la limpieza dental (tambi\u00e9n llamada profilaxis dental) se realizaba utilizando primero un instrumento ultras\u00f3nico para [&hellip;]<\/p>\n","protected":false},"author":1,"featured_media":0,"parent":0,"menu_order":0,"comment_status":"closed","ping_status":"closed","template":"","meta":{"footnotes":""},"class_list":["post-2314","page","type-page","status-publish","hentry"],"blocksy_meta":[],"_links":{"self":[{"href":"https:\/\/clinicadentalzocalo.com\/index.php\/wp-json\/wp\/v2\/pages\/2314","targetHints":{"allow":["GET"]}}],"collection":[{"href":"https:\/\/clinicadentalzocalo.com\/index.php\/wp-json\/wp\/v2\/pages"}],"about":[{"href":"https:\/\/clinicadentalzocalo.com\/index.php\/wp-json\/wp\/v2\/types\/page"}],"author":[{"embeddable":true,"href":"https:\/\/clinicadentalzocalo.com\/index.php\/wp-json\/wp\/v2\/users\/1"}],"replies":[{"embeddable":true,"href":"https:\/\/clinicadentalzocalo.com\/index.php\/wp-json\/wp\/v2\/comments?post=2314"}],"version-history":[{"count":55,"href":"https:\/\/clinicadentalzocalo.com\/index.php\/wp-json\/wp\/v2\/pages\/2314\/revisions"}],"predecessor-version":[{"id":3018,"href":"https:\/\/clinicadentalzocalo.com\/index.php\/wp-json\/wp\/v2\/pages\/2314\/revisions\/3018"}],"wp:attachment":[{"href":"https:\/\/clinicadentalzocalo.com\/index.php\/wp-json\/wp\/v2\/media?parent=2314"}],"curies":[{"name":"wp","href":"https:\/\/api.w.org\/{rel}","templated":true}]}}