{"id":1533,"date":"2024-03-06T17:14:07","date_gmt":"2024-03-06T17:14:07","guid":{"rendered":"https:\/\/clinicadentalzocalo.com\/?page_id=1533"},"modified":"2024-07-08T18:23:20","modified_gmt":"2024-07-08T18:23:20","slug":"services-9","status":"publish","type":"page","link":"https:\/\/clinicadentalzocalo.com\/index.php\/services-9\/","title":{"rendered":"Implantolog\u00eda"},"content":{"rendered":"\t\t<div data-elementor-type=\"wp-page\" data-elementor-id=\"1533\" class=\"elementor elementor-1533\" data-elementor-settings=\"{&quot;ha_cmc_init_switcher&quot;:&quot;no&quot;}\">\n\t\t\t\t<div class=\"elementor-element elementor-element-b24655f e-flex e-con-boxed e-con e-parent\" data-id=\"b24655f\" data-element_type=\"container\" data-e-type=\"container\" data-settings=\"{&quot;_ha_eqh_enable&quot;:false}\">\n\t\t\t\t\t<div class=\"e-con-inner\">\n\t\t<div class=\"elementor-element elementor-element-1b88c9a e-flex e-con-boxed e-con e-child\" data-id=\"1b88c9a\" data-element_type=\"container\" data-e-type=\"container\" data-settings=\"{&quot;background_background&quot;:&quot;classic&quot;,&quot;_ha_eqh_enable&quot;:false}\">\n\t\t\t\t\t<div class=\"e-con-inner\">\n\t\t<div class=\"elementor-element elementor-element-657070c e-con-full e-flex e-con e-child\" data-id=\"657070c\" data-element_type=\"container\" data-e-type=\"container\" data-settings=\"{&quot;_ha_eqh_enable&quot;:false}\">\n\t\t\t\t<div class=\"elementor-element elementor-element-3ff157b elementor-widget elementor-widget-heading\" data-id=\"3ff157b\" data-element_type=\"widget\" data-e-type=\"widget\" data-widget_type=\"heading.default\">\n\t\t\t\t<div class=\"elementor-widget-container\">\n\t\t\t\t\t<h2 class=\"elementor-heading-title elementor-size-default\">\u00bfEn que consiste?<\/h2>\t\t\t\t<\/div>\n\t\t\t\t<\/div>\n\t\t\t\t<div class=\"elementor-element elementor-element-414ece8 elementor-widget elementor-widget-text-editor\" data-id=\"414ece8\" data-element_type=\"widget\" data-e-type=\"widget\" data-widget_type=\"text-editor.default\">\n\t\t\t\t<div class=\"elementor-widget-container\">\n\t\t\t\t\t\t\t\t\t<p><span class=\"TextRun SCXO51583496 BCX8\" lang=\"ES\" xml:lang=\"ES\" data-contrast=\"none\"><span class=\"NormalTextRun SCXO51583496 BCX8\">Tras un diagn\u00f3stico previo, donde se le realiza al paciente una\u00a0<\/span><span class=\"SpellingError SCXO51583496 BCX8\">radiografia<\/span><span class=\"NormalTextRun SCXO51583496 BCX8\">\u00a0panor\u00e1mica y un esc\u00e1ner (CBCT) donde se estudia el caso personalizado de cada paciente; en una primera fase, se coloca el implante\u00a0<\/span><span class=\"SpellingError SCXO51583496 BCX8\">\u00f3<\/span><span class=\"NormalTextRun SCXO51583496 BCX8\">\u00a0tornillo, que har\u00e1 las veces de ra\u00edz del diente que se ha perdido, y tras un per\u00edodo de cicatrizaci\u00f3n que puede variar de 3 a 5 meses, dependiendo del tipo de hueso, se colocar\u00e1 la corona del diente atornillada al implante.<\/span><\/span><span class=\"EOP SCXO51583496 BCX8\">\u00a0<\/span><\/p>\t\t\t\t\t\t\t\t<\/div>\n\t\t\t\t<\/div>\n\t\t\t\t<\/div>\n\t\t<div class=\"elementor-element elementor-element-98d9719 e-con-full e-flex e-con e-child\" data-id=\"98d9719\" data-element_type=\"container\" data-e-type=\"container\" data-settings=\"{&quot;_ha_eqh_enable&quot;:false}\">\n\t\t\t\t<div class=\"elementor-element elementor-element-066ceac elementor-widget elementor-widget-image\" data-id=\"066ceac\" data-element_type=\"widget\" data-e-type=\"widget\" data-widget_type=\"image.default\">\n\t\t\t\t<div class=\"elementor-widget-container\">\n\t\t\t\t\t\t\t\t\t\t\t\t\t\t\t<img fetchpriority=\"high\" decoding=\"async\" width=\"700\" height=\"311\" src=\"https:\/\/clinicadentalzocalo.com\/wp-content\/uploads\/2024\/03\/implantologia_1.png\" class=\"attachment-large size-large wp-image-1651\" alt=\"\" srcset=\"https:\/\/clinicadentalzocalo.com\/wp-content\/uploads\/2024\/03\/implantologia_1.png 700w, https:\/\/clinicadentalzocalo.com\/wp-content\/uploads\/2024\/03\/implantologia_1-300x133.png 300w\" sizes=\"(max-width: 700px) 100vw, 700px\" \/>\t\t\t\t\t\t\t\t\t\t\t\t\t\t\t<\/div>\n\t\t\t\t<\/div>\n\t\t\t\t<\/div>\n\t\t\t\t\t<\/div>\n\t\t\t\t<\/div>\n\t\t\t\t\t<\/div>\n\t\t\t\t<\/div>\n\t\t<div class=\"elementor-element elementor-element-0609b2d e-flex e-con-boxed e-con e-parent\" data-id=\"0609b2d\" data-element_type=\"container\" data-e-type=\"container\" data-settings=\"{&quot;_ha_eqh_enable&quot;:false}\">\n\t\t\t\t\t<div class=\"e-con-inner\">\n\t\t\t\t<div class=\"elementor-element elementor-element-4394ad9 elementor-widget elementor-widget-heading\" data-id=\"4394ad9\" data-element_type=\"widget\" data-e-type=\"widget\" data-widget_type=\"heading.default\">\n\t\t\t\t<div class=\"elementor-widget-container\">\n\t\t\t\t\t<h2 class=\"elementor-heading-title elementor-size-default\">\u00bfEn qu\u00e9 consiste el tratamiento?<\/h2>\t\t\t\t<\/div>\n\t\t\t\t<\/div>\n\t\t\t\t<div class=\"elementor-element elementor-element-c9a47b3 elementor-widget__width-initial elementor-widget elementor-widget-text-editor\" data-id=\"c9a47b3\" data-element_type=\"widget\" data-e-type=\"widget\" data-widget_type=\"text-editor.default\">\n\t\t\t\t<div class=\"elementor-widget-container\">\n\t\t\t\t\t\t\t\t\t<p><span data-contrast=\"auto\">Un implante es una estructura cil\u00edndrica o c\u00f3nica, que se inserta en el hueso maxilar para sustituir a la ra\u00edz de un diente. \u00a0<\/span>\u00a0<\/p><p><span data-contrast=\"auto\">Est\u00e1n hechos de titanio puro o alguna aleaci\u00f3n de titanio (por ejemplo, titanio-zirconio), material totalmente\u00a0<\/span><i><span data-contrast=\"none\">biocompatible<\/span><\/i><span data-contrast=\"auto\">\u00a0y con un\u00a0<\/span><b><span data-contrast=\"auto\">tratamiento especial en su superficie<\/span><\/b><span data-contrast=\"auto\">.<\/span>\u00a0<\/p><p><span data-contrast=\"auto\">Una caracter\u00edstica especial del titanio es su capacidad de fusionarse \u00edntimamente con el hueso mediante un proceso llamado como\u00a0<\/span><b><span data-contrast=\"none\">osteointegraci\u00f3n<\/span><\/b><span data-contrast=\"auto\">.<\/span>\u00a0<\/p><p><span data-contrast=\"auto\">Una vez fusionado, comprobamos que no hay infecciones, se dise\u00f1a y fabrica una pr\u00f3tesis a medida y la colocamos sobre el implante o implantes.<\/span>\u00a0<\/p><p><span data-contrast=\"auto\">Las pr\u00f3tesis pueden ser de muchos tipos seg\u00fan su conexi\u00f3n al implante, su material, el tipo de anclaje, su extensi\u00f3n, etc.<\/span>\u00a0<\/p>\t\t\t\t\t\t\t\t<\/div>\n\t\t\t\t<\/div>\n\t\t\t\t\t<\/div>\n\t\t\t\t<\/div>\n\t\t<div class=\"elementor-element elementor-element-0ed146e e-flex e-con-boxed e-con e-parent\" data-id=\"0ed146e\" data-element_type=\"container\" data-e-type=\"container\" data-settings=\"{&quot;_ha_eqh_enable&quot;:false}\">\n\t\t\t\t\t<div class=\"e-con-inner\">\n\t\t\t\t<div class=\"elementor-element elementor-element-a3369e9 elementor-widget elementor-widget-heading\" data-id=\"a3369e9\" data-element_type=\"widget\" data-e-type=\"widget\" data-widget_type=\"heading.default\">\n\t\t\t\t<div class=\"elementor-widget-container\">\n\t\t\t\t\t<h2 class=\"elementor-heading-title elementor-size-default\">Fases del tratamiento<\/h2>\t\t\t\t<\/div>\n\t\t\t\t<\/div>\n\t\t\t\t\t<\/div>\n\t\t\t\t<\/div>\n\t\t<div class=\"elementor-element elementor-element-9ff67ad e-flex e-con-boxed e-con e-parent\" data-id=\"9ff67ad\" data-element_type=\"container\" data-e-type=\"container\" data-settings=\"{&quot;_ha_eqh_enable&quot;:false}\">\n\t\t\t\t\t<div class=\"e-con-inner\">\n\t\t<div class=\"elementor-element elementor-element-0346e66 e-con-full e-flex e-con e-child\" data-id=\"0346e66\" data-element_type=\"container\" data-e-type=\"container\" data-settings=\"{&quot;background_background&quot;:&quot;classic&quot;,&quot;_ha_eqh_enable&quot;:false}\">\n\t\t<div class=\"elementor-element elementor-element-ae424cd e-con-full e-flex e-con e-child\" data-id=\"ae424cd\" data-element_type=\"container\" data-e-type=\"container\" data-settings=\"{&quot;background_background&quot;:&quot;classic&quot;,&quot;position&quot;:&quot;absolute&quot;,&quot;_ha_eqh_enable&quot;:false}\">\n\t\t\t\t<\/div>\n\t\t\t\t<div class=\"elementor-element elementor-element-d2dc0ed elementor-widget elementor-widget-image\" data-id=\"d2dc0ed\" data-element_type=\"widget\" data-e-type=\"widget\" data-widget_type=\"image.default\">\n\t\t\t\t<div class=\"elementor-widget-container\">\n\t\t\t\t\t\t\t\t\t\t\t\t\t\t\t<img decoding=\"async\" width=\"930\" height=\"589\" src=\"https:\/\/clinicadentalzocalo.com\/wp-content\/uploads\/2024\/03\/implantologia_2.png\" class=\"attachment-large size-large wp-image-1692\" alt=\"\" srcset=\"https:\/\/clinicadentalzocalo.com\/wp-content\/uploads\/2024\/03\/implantologia_2.png 930w, https:\/\/clinicadentalzocalo.com\/wp-content\/uploads\/2024\/03\/implantologia_2-300x190.png 300w, https:\/\/clinicadentalzocalo.com\/wp-content\/uploads\/2024\/03\/implantologia_2-768x486.png 768w\" sizes=\"(max-width: 930px) 100vw, 930px\" \/>\t\t\t\t\t\t\t\t\t\t\t\t\t\t\t<\/div>\n\t\t\t\t<\/div>\n\t\t\t\t<\/div>\n\t\t<div class=\"elementor-element elementor-element-077c00b e-con-full e-flex e-con e-child\" data-id=\"077c00b\" data-element_type=\"container\" data-e-type=\"container\" data-settings=\"{&quot;_ha_eqh_enable&quot;:false}\">\n\t\t\t\t<div class=\"elementor-element elementor-element-c52d273 elementor-widget elementor-widget-text-editor\" data-id=\"c52d273\" data-element_type=\"widget\" data-e-type=\"widget\" data-widget_type=\"text-editor.default\">\n\t\t\t\t<div class=\"elementor-widget-container\">\n\t\t\t\t\t\t\t\t\t<p><span class=\"TextRun SCXO52764194 BCX8\" lang=\"ES\" xml:lang=\"ES\" data-contrast=\"auto\"><span class=\"NormalTextRun SCXO52764194 BCX8\">Un diente artificial soportado por un implante tiene 3 componentes principales:<\/span><\/span><span class=\"EOP SCXO52764194 BCX8\">\u00a0<\/span><\/p><ol><li data-aria-posinset=\"1\" data-aria-level=\"2\"><b><span data-contrast=\"none\">Un componente quir\u00fargico<\/span><\/b><span data-contrast=\"auto\">: el implante dental propiamente dicho<\/span>.<\/li><li data-aria-posinset=\"2\" data-aria-level=\"2\"><b><span data-contrast=\"none\">Un pilar<\/span><\/b><span data-contrast=\"auto\">: sirve de conexi\u00f3n entre el implante y la pr\u00f3tesis.\u00a0<\/span>\u00a0<\/li><li data-aria-posinset=\"3\" data-aria-level=\"2\"><b><span data-contrast=\"none\">Un componente prot\u00e9tico<\/span><\/b><span data-contrast=\"auto\">: la pr\u00f3tesis dental a medida que se coloca sobre el pilar del implante.<\/span>\u00a0<\/li><\/ol>\t\t\t\t\t\t\t\t<\/div>\n\t\t\t\t<\/div>\n\t\t\t\t<\/div>\n\t\t\t\t\t<\/div>\n\t\t\t\t<\/div>\n\t\t<div class=\"elementor-element elementor-element-d648880 e-flex e-con-boxed e-con e-parent\" data-id=\"d648880\" data-element_type=\"container\" data-e-type=\"container\" data-settings=\"{&quot;_ha_eqh_enable&quot;:false}\">\n\t\t\t\t\t<div class=\"e-con-inner\">\n\t\t\t\t<div class=\"elementor-element elementor-element-b12f22a elementor-widget elementor-widget-text-editor\" data-id=\"b12f22a\" data-element_type=\"widget\" data-e-type=\"widget\" data-widget_type=\"text-editor.default\">\n\t\t\t\t<div class=\"elementor-widget-container\">\n\t\t\t\t\t\t\t\t\t<p><span data-contrast=\"auto\">A medida que el hueso y los tejidos de la enc\u00eda van cicatrizando el implante se va fusionando con el hueso. En esto consiste la osteointegraci\u00f3n. <br \/><\/span>El proceso de osteointegraci\u00f3n dura <strong>de 3 a 6 meses<\/strong> dependiendo de si es en mand\u00edbula o maxilar superior respectivamente<\/p><p><span data-contrast=\"auto\">Una vez comprobado que el implante est\u00e1 osteointegrado y que los tejidos adyacentes est\u00e1n bien curados y sin infecciones, se coloca la pr\u00f3tesis personalizada.<\/span>\u00a0<\/p><p><span data-contrast=\"auto\">Esta segunda fase comienza con la toma de impresiones seguida de unas pruebas para determinar la est\u00e9tica, la forma y la oclusi\u00f3n de la\u00a0<\/span><b><span data-contrast=\"none\">pr\u00f3tesis definitiva<\/span><\/b><span data-contrast=\"auto\">.<\/span>\u00a0<\/p><p><span data-contrast=\"auto\">Todas estas pruebas, realizadas en varias sesiones, se env\u00edan al laboratorio para que fabriquen la pr\u00f3tesis a medida.<\/span>\u00a0<\/p><p><span data-contrast=\"auto\">Una vez colocada la pr\u00f3tesis hay que\u00a0<\/span><i><span data-contrast=\"none\">revisarla peri\u00f3dicamente<\/span><\/i><i><span data-contrast=\"auto\">\u00a0<\/span><\/i><span data-contrast=\"auto\">para hacer los ajustes finales necesarios y que quede perfecta.<\/span>\u00a0<\/p>\t\t\t\t\t\t\t\t<\/div>\n\t\t\t\t<\/div>\n\t\t\t\t\t<\/div>\n\t\t\t\t<\/div>\n\t\t<div class=\"elementor-element elementor-element-7fc89e0 e-flex e-con-boxed e-con e-parent\" data-id=\"7fc89e0\" data-element_type=\"container\" data-e-type=\"container\" data-settings=\"{&quot;_ha_eqh_enable&quot;:false}\">\n\t\t\t\t\t<div class=\"e-con-inner\">\n\t\t<div class=\"elementor-element elementor-element-b901330 ct-service-card e-flex e-con-boxed e-con e-child\" data-id=\"b901330\" data-element_type=\"container\" data-e-type=\"container\" data-settings=\"{&quot;background_background&quot;:&quot;classic&quot;,&quot;_ha_eqh_enable&quot;:false}\">\n\t\t\t\t\t<div class=\"e-con-inner\">\n\t\t\t\t<div class=\"elementor-element elementor-element-73badd9 elementor-view-default elementor-widget elementor-widget-icon\" data-id=\"73badd9\" data-element_type=\"widget\" data-e-type=\"widget\" data-widget_type=\"icon.default\">\n\t\t\t\t<div class=\"elementor-widget-container\">\n\t\t\t\t\t\t\t<div class=\"elementor-icon-wrapper\">\n\t\t\t<div class=\"elementor-icon\">\n\t\t\t<svg xmlns=\"http:\/\/www.w3.org\/2000\/svg\" viewBox=\"0 0 43.97 60\"><path d=\"M25.96.81C19.68 3.04 18.34-.44 12.35.12 1.58 1.11-3.83 14.13 3.08 22.73c1.04 1.29 2 6.01 2.62 7.79a5.207 5.207 0 0 0 1.94 2.54c.89.63 1.96.96 3.05.95h.34c.03.5.07 1.18.13 2.09l-1.08-.09a.982.982 0 0 0-.73.24c-.2.17-.33.42-.35.68-.02.26.06.53.24.73.17.2.42.33.68.35l1.38.11.21 3-1.43-.12a.982.982 0 0 0-.73.24c-.2.17-.33.42-.35.68-.02.26.06.53.24.73.17.2.42.33.68.35l1.73.14c.06.9.13 1.87.2 2.92l-.77-.07c-.26-.02-.53.06-.73.23-.2.17-.33.41-.36.68-.02.26.06.53.23.73.17.2.41.33.68.36l1.09.1c.03.47.06.94.1 1.44.01.17-.09.03.7 1.53l-.7-.07c-.26-.03-.53.05-.74.22a.96.96 0 0 0-.36.68c-.03.26.05.53.22.74.17.21.41.34.68.36.7.07 1.37.14 2.02.21.75 1.42 1.8 3.41 3.28 6.24.41.77.88.54 8.78.54.64 0 .58.06 3.29-5.16 1.9.2 1.66.17 1.7.17.26.01.52-.08.72-.26.2-.18.31-.43.33-.69.01-.26-.08-.52-.26-.72-.18-.2-.43-.31-.69-.33l-.81-.09 1.55-2.97c.01-.02.02-.03.03-.04l1.13.1c.13 0 .26-.01.39-.06.12-.04.24-.11.33-.2.1-.09.18-.2.23-.31.06-.12.09-.25.09-.38s-.01-.26-.06-.39a.862.862 0 0 0-.2-.33c-.09-.1-.2-.18-.31-.23a.849.849 0 0 0-.38-.09l-1.02-.09c.05-.72.12-1.69.21-3.05l1.72.14c.26.01.52-.08.72-.26.19-.18.31-.43.32-.69.01-.26-.08-.52-.26-.72-.18-.19-.43-.31-.69-.32l-1.66-.14c.06-.88.13-1.86.2-2.97l1.38.11c.26.01.52-.08.72-.26.19-.18.31-.43.32-.69.01-.26-.08-.52-.26-.72-.18-.19-.43-.31-.69-.32l-1.33-.11c.08-1.17.17-2.47.26-3.88h.29c1.08 0 2.14-.32 3.03-.94.89-.62 1.57-1.49 1.94-2.51.62-1.8 1.62-6.51 2.62-7.79C49.43 12.13 38.94-3.76 25.96.82Zm-.58 57.16h-6.69l-2.42-4.53c5.33.56 8.72.92 10.88 1.14l-1.77 3.39Zm2.77-5.3L15.13 51.3 14 49.18l-.06-.92 15.77 1.43-1.56 2.98Zm1.92-4.95L13.8 46.24l-.19-2.94 16.66 1.38-.2 3.03Zm.33-5.03-16.92-1.41-.2-3 17.32 1.44-.2 2.97Zm.32-4.96-17.58-1.46-.15-2.25h17.97l-.24 3.72Zm8.64-16.25c-1.46 1.74-2.32 6.44-3 8.38-.23.63-.65 1.18-1.2 1.57s-1.21.59-1.89.59h-1.23c-12.08 0-17.03-.04-19.12 0h-2.24c-.67 0-1.31-.22-1.86-.6-.54-.39-.95-.93-1.18-1.56-.71-1.89-1.59-6.64-3-8.38-7.36-9.16 1.72-22.66 12.7-18.78 3 1.07 6.28 1.07 9.29 0 11.06-3.9 20.01 9.68 12.73 18.78ZM31.91 4.83c.12.2.16.44.12.68-.04.23-.16.44-.34.6-2.96 1.68-6.3 2.6-9.71 2.67-3.42-.06-6.77-.98-9.74-2.67a.985.985 0 0 1-.34-.6c-.04-.23 0-.47.12-.68s.31-.36.53-.44c.22-.08.47-.07.69 0 2.68 1.49 5.68 2.3 8.75 2.37 3.05-.07 6.04-.89 8.71-2.37.22-.08.46-.09.69 0 .22.08.41.23.53.44Z\"><\/path><\/svg>\t\t\t<\/div>\n\t\t<\/div>\n\t\t\t\t\t\t<\/div>\n\t\t\t\t<\/div>\n\t\t\t\t<div class=\"elementor-element elementor-element-5625fe5 elementor-widget elementor-widget-heading\" data-id=\"5625fe5\" data-element_type=\"widget\" data-e-type=\"widget\" data-widget_type=\"heading.default\">\n\t\t\t\t<div class=\"elementor-widget-container\">\n\t\t\t\t\t<h3 class=\"elementor-heading-title elementor-size-default\">Ventajas<\/h3>\t\t\t\t<\/div>\n\t\t\t\t<\/div>\n\t\t\t\t<div class=\"elementor-element elementor-element-9f1b407 elementor-widget elementor-widget-text-editor\" data-id=\"9f1b407\" data-element_type=\"widget\" data-e-type=\"widget\" data-widget_type=\"text-editor.default\">\n\t\t\t\t<div class=\"elementor-widget-container\">\n\t\t\t\t\t\t\t\t\t<p><span data-contrast=\"auto\">Soluci\u00f3n\u00a0<\/span><b><span data-contrast=\"none\">estable y duradera<\/span><\/b>\u00a0<\/p><p><span data-contrast=\"auto\">Suelen ser\u00a0<\/span><b><span data-contrast=\"none\">m\u00e1s rentables<\/span><\/b><span data-contrast=\"auto\">\u00a0a largo plazo (a partir de los 10 a\u00f1os)\u00a0<\/span>\u00a0<\/p><p><span data-contrast=\"auto\">La pr\u00f3tesis es m\u00e1s\u00a0<\/span><b><span data-contrast=\"none\">segura, c\u00f3moda y natural<\/span><\/b>\u00a0<\/p><p><span data-contrast=\"auto\">La\u00a0<\/span><b><span data-contrast=\"none\">est\u00e9tica<\/span><\/b><span data-contrast=\"auto\">\u00a0y la\u00a0<\/span><b><span data-contrast=\"none\">funci\u00f3n<\/span><\/b><span data-contrast=\"none\">\u00a0<\/span><span data-contrast=\"auto\">se parece mucho m\u00e1s a la de un diente natural<\/span>\u00a0<\/p><p><span data-contrast=\"auto\">Requieren\u00a0<\/span><b><span data-contrast=\"none\">menos mantenimiento<\/span><\/b><span data-contrast=\"auto\">\u00a0y cuidados que otros tipos de pr\u00f3tesis\u00a0<\/span>\u00a0<\/p><p><span data-contrast=\"auto\">No es necesario\u00a0<\/span><b><span data-contrast=\"none\">alterar<\/span><\/b><b><span data-contrast=\"auto\">\u00a0<\/span><\/b><span data-contrast=\"auto\">dientes sanos adyacentes para colocarlos<\/span>\u00a0<\/p><p><span data-contrast=\"auto\">Tasa de \u00e9xito del\u00a0<\/span><b><span data-contrast=\"none\">98%<\/span><\/b><span data-contrast=\"auto\">\u00a0o m\u00e1s con implantes de alta gama<\/span>\u00a0<\/p><p><span data-contrast=\"auto\">Previenen la\u00a0<\/span><b><span data-contrast=\"none\">p\u00e9rdida de hueso<\/span><\/b><span data-contrast=\"auto\">\u00a0y que cambie la forma de nuestra mand\u00edbula<\/span>\u00a0<\/p><p><span data-contrast=\"auto\">Si son de buena calidad y la t\u00e9cnica empleada es la correcta los\u00a0<\/span><b><span data-contrast=\"none\">riesgos<\/span><\/b><b><span data-contrast=\"auto\">\u00a0<\/span><\/b><span data-contrast=\"auto\">son m\u00ednimos ya que las causas de fracaso son escasas y a menudo sencillas de tratar.\u00a0<\/span>\u00a0<\/p>\t\t\t\t\t\t\t\t<\/div>\n\t\t\t\t<\/div>\n\t\t\t\t\t<\/div>\n\t\t\t\t<\/div>\n\t\t\t\t\t<\/div>\n\t\t\t\t<\/div>\n\t\t<div class=\"elementor-element elementor-element-20d710c e-flex e-con-boxed e-con e-parent\" data-id=\"20d710c\" data-element_type=\"container\" data-e-type=\"container\" data-settings=\"{&quot;_ha_eqh_enable&quot;:false}\">\n\t\t\t\t\t<div class=\"e-con-inner\">\n\t\t<div class=\"elementor-element elementor-element-90026e5 e-con-full e-flex e-con e-child\" data-id=\"90026e5\" data-element_type=\"container\" data-e-type=\"container\" data-settings=\"{&quot;_ha_eqh_enable&quot;:false}\">\n\t\t\t\t<div class=\"elementor-element elementor-element-1867752 elementor-widget elementor-widget-heading\" data-id=\"1867752\" data-element_type=\"widget\" data-e-type=\"widget\" data-widget_type=\"heading.default\">\n\t\t\t\t<div class=\"elementor-widget-container\">\n\t\t\t\t\t<h2 class=\"elementor-heading-title elementor-size-default\">\u00bfTienes alguna duda?<\/h2>\t\t\t\t<\/div>\n\t\t\t\t<\/div>\n\t\t\t\t<div class=\"elementor-element elementor-element-e3ab9d4 elementor-widget elementor-widget-text-editor\" data-id=\"e3ab9d4\" data-element_type=\"widget\" data-e-type=\"widget\" data-widget_type=\"text-editor.default\">\n\t\t\t\t<div class=\"elementor-widget-container\">\n\t\t\t\t\t\t\t\t\t<p>Por favor, no dudes en ponerte en contacto con nosotros!<\/p>\t\t\t\t\t\t\t\t<\/div>\n\t\t\t\t<\/div>\n\t\t\t\t<div class=\"elementor-element elementor-element-df52f29 elementor-tablet-align-center elementor-widget elementor-widget-button\" data-id=\"df52f29\" data-element_type=\"widget\" data-e-type=\"widget\" data-widget_type=\"button.default\">\n\t\t\t\t<div class=\"elementor-widget-container\">\n\t\t\t\t\t\t\t\t\t<div class=\"elementor-button-wrapper\">\n\t\t\t\t\t<a class=\"elementor-button elementor-button-link elementor-size-sm\" href=\"https:\/\/clinicadentalzocalo.com\/index.php\/contact\/\">\n\t\t\t\t\t\t<span class=\"elementor-button-content-wrapper\">\n\t\t\t\t\t\t<span class=\"elementor-button-icon\">\n\t\t\t\t<svg xmlns=\"http:\/\/www.w3.org\/2000\/svg\" viewBox=\"0 0 24 24\"><path fill-rule=\"evenodd\" d=\"M24 0v22.78h-2.87V4.9L2.03 24 0 21.97l19.1-19.1H1.26V0H24Z\"><\/path><\/svg>\t\t\t<\/span>\n\t\t\t\t\t\t\t\t\t<span class=\"elementor-button-text\">Contactanos<\/span>\n\t\t\t\t\t<\/span>\n\t\t\t\t\t<\/a>\n\t\t\t\t<\/div>\n\t\t\t\t\t\t\t\t<\/div>\n\t\t\t\t<\/div>\n\t\t\t\t<\/div>\n\t\t<div class=\"elementor-element elementor-element-419ad5c e-con-full e-flex e-con e-child\" data-id=\"419ad5c\" data-element_type=\"container\" data-e-type=\"container\" data-settings=\"{&quot;_ha_eqh_enable&quot;:false}\">\n\t\t\t\t<div class=\"elementor-element elementor-element-2b7f19e elementor-widget elementor-widget-image\" data-id=\"2b7f19e\" data-element_type=\"widget\" data-e-type=\"widget\" data-widget_type=\"image.default\">\n\t\t\t\t<div class=\"elementor-widget-container\">\n\t\t\t\t\t\t\t\t\t\t\t\t\t\t\t<img decoding=\"async\" width=\"663\" height=\"1024\" src=\"https:\/\/clinicadentalzocalo.com\/wp-content\/uploads\/2024\/02\/services-page-cta-image-2-663x1024.webp\" class=\"attachment-large size-large wp-image-215\" alt=\"\" srcset=\"https:\/\/clinicadentalzocalo.com\/wp-content\/uploads\/2024\/02\/services-page-cta-image-2-663x1024.webp 663w, https:\/\/clinicadentalzocalo.com\/wp-content\/uploads\/2024\/02\/services-page-cta-image-2-194x300.webp 194w, https:\/\/clinicadentalzocalo.com\/wp-content\/uploads\/2024\/02\/services-page-cta-image-2-768x1187.webp 768w, https:\/\/clinicadentalzocalo.com\/wp-content\/uploads\/2024\/02\/services-page-cta-image-2.webp 825w\" sizes=\"(max-width: 663px) 100vw, 663px\" \/>\t\t\t\t\t\t\t\t\t\t\t\t\t\t\t<\/div>\n\t\t\t\t<\/div>\n\t\t\t\t<div class=\"elementor-element elementor-element-fb66b64 elementor-widget elementor-widget-image\" data-id=\"fb66b64\" data-element_type=\"widget\" data-e-type=\"widget\" data-widget_type=\"image.default\">\n\t\t\t\t<div class=\"elementor-widget-container\">\n\t\t\t\t\t\t\t\t\t\t\t\t\t\t\t<img loading=\"lazy\" decoding=\"async\" width=\"663\" height=\"1024\" src=\"https:\/\/clinicadentalzocalo.com\/wp-content\/uploads\/2024\/02\/services-page-cta-image-3-663x1024.webp\" class=\"attachment-large size-large wp-image-216\" alt=\"\" srcset=\"https:\/\/clinicadentalzocalo.com\/wp-content\/uploads\/2024\/02\/services-page-cta-image-3-663x1024.webp 663w, https:\/\/clinicadentalzocalo.com\/wp-content\/uploads\/2024\/02\/services-page-cta-image-3-194x300.webp 194w, https:\/\/clinicadentalzocalo.com\/wp-content\/uploads\/2024\/02\/services-page-cta-image-3-768x1187.webp 768w, https:\/\/clinicadentalzocalo.com\/wp-content\/uploads\/2024\/02\/services-page-cta-image-3.webp 825w\" sizes=\"(max-width: 663px) 100vw, 663px\" \/>\t\t\t\t\t\t\t\t\t\t\t\t\t\t\t<\/div>\n\t\t\t\t<\/div>\n\t\t\t\t<\/div>\n\t\t\t\t\t<\/div>\n\t\t\t\t<\/div>\n\t\t\t\t<\/div>\n\t\t","protected":false},"excerpt":{"rendered":"<p>\u00bfEn que consiste? Tras un diagn\u00f3stico previo, donde se le realiza al paciente una\u00a0radiografia\u00a0panor\u00e1mica y un esc\u00e1ner (CBCT) donde se estudia el caso personalizado de cada paciente; en una primera fase, se coloca el implante\u00a0\u00f3\u00a0tornillo, que har\u00e1 las veces de ra\u00edz del diente que se ha perdido, y tras un per\u00edodo de cicatrizaci\u00f3n que puede [&hellip;]<\/p>\n","protected":false},"author":1,"featured_media":0,"parent":0,"menu_order":0,"comment_status":"closed","ping_status":"closed","template":"","meta":{"footnotes":""},"class_list":["post-1533","page","type-page","status-publish","hentry"],"blocksy_meta":[],"_links":{"self":[{"href":"https:\/\/clinicadentalzocalo.com\/index.php\/wp-json\/wp\/v2\/pages\/1533","targetHints":{"allow":["GET"]}}],"collection":[{"href":"https:\/\/clinicadentalzocalo.com\/index.php\/wp-json\/wp\/v2\/pages"}],"about":[{"href":"https:\/\/clinicadentalzocalo.com\/index.php\/wp-json\/wp\/v2\/types\/page"}],"author":[{"embeddable":true,"href":"https:\/\/clinicadentalzocalo.com\/index.php\/wp-json\/wp\/v2\/users\/1"}],"replies":[{"embeddable":true,"href":"https:\/\/clinicadentalzocalo.com\/index.php\/wp-json\/wp\/v2\/comments?post=1533"}],"version-history":[{"count":69,"href":"https:\/\/clinicadentalzocalo.com\/index.php\/wp-json\/wp\/v2\/pages\/1533\/revisions"}],"predecessor-version":[{"id":2887,"href":"https:\/\/clinicadentalzocalo.com\/index.php\/wp-json\/wp\/v2\/pages\/1533\/revisions\/2887"}],"wp:attachment":[{"href":"https:\/\/clinicadentalzocalo.com\/index.php\/wp-json\/wp\/v2\/media?parent=1533"}],"curies":[{"name":"wp","href":"https:\/\/api.w.org\/{rel}","templated":true}]}}