{"id":1532,"date":"2024-03-06T17:13:50","date_gmt":"2024-03-06T17:13:50","guid":{"rendered":"https:\/\/clinicadentalzocalo.com\/?page_id=1532"},"modified":"2024-07-10T10:11:53","modified_gmt":"2024-07-10T10:11:53","slug":"services-8","status":"publish","type":"page","link":"https:\/\/clinicadentalzocalo.com\/index.php\/services-8\/","title":{"rendered":"Periodoncia"},"content":{"rendered":"\t\t<div data-elementor-type=\"wp-page\" data-elementor-id=\"1532\" class=\"elementor elementor-1532\" data-elementor-settings=\"{&quot;ha_cmc_init_switcher&quot;:&quot;no&quot;}\">\n\t\t\t\t<div class=\"elementor-element elementor-element-b24655f e-flex e-con-boxed e-con e-parent\" data-id=\"b24655f\" data-element_type=\"container\" data-e-type=\"container\" data-settings=\"{&quot;_ha_eqh_enable&quot;:false}\">\n\t\t\t\t\t<div class=\"e-con-inner\">\n\t\t<div class=\"elementor-element elementor-element-1b88c9a e-flex e-con-boxed e-con e-child\" data-id=\"1b88c9a\" data-element_type=\"container\" data-e-type=\"container\" data-settings=\"{&quot;background_background&quot;:&quot;classic&quot;,&quot;_ha_eqh_enable&quot;:false}\">\n\t\t\t\t\t<div class=\"e-con-inner\">\n\t\t<div class=\"elementor-element elementor-element-657070c e-con-full e-flex e-con e-child\" data-id=\"657070c\" data-element_type=\"container\" data-e-type=\"container\" data-settings=\"{&quot;_ha_eqh_enable&quot;:false}\">\n\t\t\t\t<div class=\"elementor-element elementor-element-3ff157b elementor-widget elementor-widget-heading\" data-id=\"3ff157b\" data-element_type=\"widget\" data-e-type=\"widget\" data-widget_type=\"heading.default\">\n\t\t\t\t<div class=\"elementor-widget-container\">\n\t\t\t\t\t<h2 class=\"elementor-heading-title elementor-size-default\">\u00bfEn que consiste?<\/h2>\t\t\t\t<\/div>\n\t\t\t\t<\/div>\n\t\t\t\t<div class=\"elementor-element elementor-element-414ece8 elementor-widget elementor-widget-text-editor\" data-id=\"414ece8\" data-element_type=\"widget\" data-e-type=\"widget\" data-widget_type=\"text-editor.default\">\n\t\t\t\t<div class=\"elementor-widget-container\">\n\t\t\t\t\t\t\t\t\t<p><span class=\"TextRun SCXO214398061 BCX8\" lang=\"ES\" xml:lang=\"ES\" data-contrast=\"auto\"><span class=\"NormalTextRun SCXO214398061 BCX8\">La\u00a0<\/span><\/span><span class=\"TextRun SCXO214398061 BCX8\" lang=\"ES\" xml:lang=\"ES\" data-contrast=\"none\"><span class=\"NormalTextRun SCXO214398061 BCX8\">periodontitis<\/span><\/span><span class=\"TextRun SCXO214398061 BCX8\" lang=\"ES\" xml:lang=\"ES\" data-contrast=\"auto\"><span class=\"NormalTextRun SCXO214398061 BCX8\">\u00a0es un grupo de infecciones que afectan al hueso y a otros tejidos como el ligamento periodontal y el cemento radicular.<\/span><\/span><span class=\"EOP SCXO214398061 BCX8\">\u00a0<\/span><\/p><p><span data-contrast=\"auto\">La\u00a0<\/span><b><span data-contrast=\"none\">gingivitis<\/span><\/b><b><span data-contrast=\"auto\">\u00a0<\/span><\/b><span data-contrast=\"auto\">y la\u00a0<\/span><b><span data-contrast=\"none\">periodontitis<\/span><\/b><b><span data-contrast=\"auto\">\u00a0<\/span><\/b><span data-contrast=\"auto\">son las dos principales enfermedades periodontales. <\/span><\/p>\t\t\t\t\t\t\t\t<\/div>\n\t\t\t\t<\/div>\n\t\t\t\t<\/div>\n\t\t<div class=\"elementor-element elementor-element-98d9719 e-con-full e-flex e-con e-child\" data-id=\"98d9719\" data-element_type=\"container\" data-e-type=\"container\" data-settings=\"{&quot;_ha_eqh_enable&quot;:false}\">\n\t\t\t\t<div class=\"elementor-element elementor-element-45e8e1d elementor-widget elementor-widget-image\" data-id=\"45e8e1d\" data-element_type=\"widget\" data-e-type=\"widget\" data-widget_type=\"image.default\">\n\t\t\t\t<div class=\"elementor-widget-container\">\n\t\t\t\t\t\t\t\t\t\t\t\t\t\t\t<img fetchpriority=\"high\" decoding=\"async\" width=\"700\" height=\"311\" src=\"https:\/\/clinicadentalzocalo.com\/wp-content\/uploads\/2024\/03\/periodoncia.png\" class=\"attachment-large size-large wp-image-1621\" alt=\"\" srcset=\"https:\/\/clinicadentalzocalo.com\/wp-content\/uploads\/2024\/03\/periodoncia.png 700w, https:\/\/clinicadentalzocalo.com\/wp-content\/uploads\/2024\/03\/periodoncia-300x133.png 300w\" sizes=\"(max-width: 700px) 100vw, 700px\" \/>\t\t\t\t\t\t\t\t\t\t\t\t\t\t\t<\/div>\n\t\t\t\t<\/div>\n\t\t\t\t<\/div>\n\t\t\t\t\t<\/div>\n\t\t\t\t<\/div>\n\t\t\t\t\t<\/div>\n\t\t\t\t<\/div>\n\t\t<div class=\"elementor-element elementor-element-0609b2d e-flex e-con-boxed e-con e-parent\" data-id=\"0609b2d\" data-element_type=\"container\" data-e-type=\"container\" data-settings=\"{&quot;_ha_eqh_enable&quot;:false}\">\n\t\t\t\t\t<div class=\"e-con-inner\">\n\t\t\t\t<div class=\"elementor-element elementor-element-4394ad9 elementor-widget elementor-widget-heading\" data-id=\"4394ad9\" data-element_type=\"widget\" data-e-type=\"widget\" data-widget_type=\"heading.default\">\n\t\t\t\t<div class=\"elementor-widget-container\">\n\t\t\t\t\t<h2 class=\"elementor-heading-title elementor-size-default\">\u00bfPor qu\u00e9 aparecen?<\/h2>\t\t\t\t<\/div>\n\t\t\t\t<\/div>\n\t\t\t\t<div class=\"elementor-element elementor-element-c9a47b3 elementor-widget__width-initial elementor-widget elementor-widget-text-editor\" data-id=\"c9a47b3\" data-element_type=\"widget\" data-e-type=\"widget\" data-widget_type=\"text-editor.default\">\n\t\t\t\t<div class=\"elementor-widget-container\">\n\t\t\t\t\t\t\t\t\t<p><span class=\"TextRun SCXO241022530 BCX8\" lang=\"ES\" xml:lang=\"ES\" data-contrast=\"auto\"><span class=\"NormalTextRun SCXO241022530 BCX8\">La causa principal de la enfermedad periodontal son las bacterias que habitan en la boca y que se depositan en los dientes y enc\u00edas. Cuando el n\u00famero de estas bacterias aumenta en exceso, pueden producirse lesiones en los tejidos.<\/span><\/span><span class=\"EOP SCXO241022530 BCX8\">\u00a0<\/span><\/p>\t\t\t\t\t\t\t\t<\/div>\n\t\t\t\t<\/div>\n\t\t\t\t\t<\/div>\n\t\t\t\t<\/div>\n\t\t<div class=\"elementor-element elementor-element-9dd6f12 e-flex e-con-boxed e-con e-parent\" data-id=\"9dd6f12\" data-element_type=\"container\" data-e-type=\"container\" data-settings=\"{&quot;_ha_eqh_enable&quot;:false}\">\n\t\t\t\t\t<div class=\"e-con-inner\">\n\t\t<div class=\"elementor-element elementor-element-cad3171 e-con-full e-flex e-con e-child\" data-id=\"cad3171\" data-element_type=\"container\" data-e-type=\"container\" data-settings=\"{&quot;_ha_eqh_enable&quot;:false}\">\n\t\t<div class=\"elementor-element elementor-element-9ecaa75 e-con-full e-flex e-con e-child\" data-id=\"9ecaa75\" data-element_type=\"container\" data-e-type=\"container\" data-settings=\"{&quot;background_background&quot;:&quot;classic&quot;,&quot;position&quot;:&quot;absolute&quot;,&quot;_ha_eqh_enable&quot;:false}\">\n\t\t<div class=\"elementor-element elementor-element-887f489 e-con-full e-flex e-con e-child\" data-id=\"887f489\" data-element_type=\"container\" data-e-type=\"container\" data-settings=\"{&quot;_ha_eqh_enable&quot;:false}\">\n\t\t\t\t<div class=\"elementor-element elementor-element-db7a906 elementor-widget elementor-widget-heading\" data-id=\"db7a906\" data-element_type=\"widget\" data-e-type=\"widget\" data-widget_type=\"heading.default\">\n\t\t\t\t<div class=\"elementor-widget-container\">\n\t\t\t\t\t<h2 class=\"elementor-heading-title elementor-size-default\">\u00bfQu\u00e9 s\u00edntomas tiene?<\/h2>\t\t\t\t<\/div>\n\t\t\t\t<\/div>\n\t\t<div class=\"elementor-element elementor-element-3af511d e-flex e-con-boxed e-con e-child\" data-id=\"3af511d\" data-element_type=\"container\" data-e-type=\"container\" data-settings=\"{&quot;_ha_eqh_enable&quot;:false}\">\n\t\t\t\t\t<div class=\"e-con-inner\">\n\t\t\t\t<div class=\"elementor-element elementor-element-979cac8 elementor-widget elementor-widget-text-editor\" data-id=\"979cac8\" data-element_type=\"widget\" data-e-type=\"widget\" data-widget_type=\"text-editor.default\">\n\t\t\t\t<div class=\"elementor-widget-container\">\n\t\t\t\t\t\t\t\t\t<p><span data-contrast=\"auto\">El m\u00e1s frecuente es el enrojecimiento de enc\u00edas y el sangrado espont\u00e1neo o con el cepillado.\u00a0<\/span><span data-contrast=\"none\">La mayor\u00eda de las ocasiones no cursa con dolor; otros s\u00edntomas son la halitosis o el mal sabor de boca, la sensibilidad de los dientes al fr\u00edo y al calor, cambios en la posici\u00f3n original de los dientes, dientes m\u00e1s alargadas, dolor o, incluso, movimiento de los dientes.\u00a0<\/span>\u00a0<\/p><p aria-level=\"3\"><span data-contrast=\"none\">Si no se trata degenera en la\u00a0<\/span><i><span data-contrast=\"none\">p\u00e9rdida<\/span><\/i><i><span data-contrast=\"none\">\u00a0<\/span><\/i><span data-contrast=\"none\">progresiva de los dientes.\u00a0<\/span><\/p><p aria-level=\"3\"><span class=\"TextRun SCXO29242463 BCX8\" lang=\"ES\" xml:lang=\"ES\" data-contrast=\"auto\"><span class=\"NormalTextRun SCXO29242463 BCX8\">As\u00ed que, una buena higiene es fundamental.\u00a0<\/span><\/span><span class=\"TextRun SCXO29242463 BCX8\" lang=\"ES\" xml:lang=\"ES\" data-contrast=\"none\"><span class=\"NormalTextRun SCXO29242463 BCX8\">Te ayudamos a conseguirlo.<\/span><\/span><span class=\"EOP SCXO29242463 BCX8\">\u00a0<\/span><\/p>\t\t\t\t\t\t\t\t<\/div>\n\t\t\t\t<\/div>\n\t\t\t\t\t<\/div>\n\t\t\t\t<\/div>\n\t\t\t\t<\/div>\n\t\t\t\t<\/div>\n\t\t\t\t<\/div>\n\t\t\t\t\t<\/div>\n\t\t\t\t<\/div>\n\t\t<div class=\"elementor-element elementor-element-6c62f20 e-flex e-con-boxed e-con e-parent\" data-id=\"6c62f20\" data-element_type=\"container\" data-e-type=\"container\" data-settings=\"{&quot;_ha_eqh_enable&quot;:false}\">\n\t\t\t\t\t<div class=\"e-con-inner\">\n\t\t<div class=\"elementor-element elementor-element-7fc8c68 e-con-full e-flex e-con e-child\" data-id=\"7fc8c68\" data-element_type=\"container\" data-e-type=\"container\" data-settings=\"{&quot;_ha_eqh_enable&quot;:false}\">\n\t\t\t\t<div class=\"elementor-element elementor-element-762e40b elementor-widget elementor-widget-heading\" data-id=\"762e40b\" data-element_type=\"widget\" data-e-type=\"widget\" data-widget_type=\"heading.default\">\n\t\t\t\t<div class=\"elementor-widget-container\">\n\t\t\t\t\t<h2 class=\"elementor-heading-title elementor-size-default\">\u00bfC\u00f3mo se trata la Gingivitis?<\/h2>\t\t\t\t<\/div>\n\t\t\t\t<\/div>\n\t\t<div class=\"elementor-element elementor-element-d544683 e-con-full e-flex e-con e-child\" data-id=\"d544683\" data-element_type=\"container\" data-e-type=\"container\" data-settings=\"{&quot;_ha_eqh_enable&quot;:false}\">\n\t\t\t\t<div class=\"elementor-element elementor-element-ae65d0c elementor-widget elementor-widget-text-editor\" data-id=\"ae65d0c\" data-element_type=\"widget\" data-e-type=\"widget\" data-widget_type=\"text-editor.default\">\n\t\t\t\t<div class=\"elementor-widget-container\">\n\t\t\t\t\t\t\t\t\t<p><span data-contrast=\"auto\">El tratamiento consiste en hacer limpiezas en la Cl\u00ednica con el instrumental\u00a0<\/span><span data-contrast=\"none\">m\u00e1<\/span><span data-contrast=\"none\">s innovador y\u00a0<\/span><span data-contrast=\"none\">realizadas por el profesional adecuado<\/span><span data-contrast=\"auto\">, cuidar la higiene bucal en casa mediante un cepillado correcto y corregir factores que favorecen la acumulaci\u00f3n de bacterias.\u00a0<\/span>\u00a0<\/p><p><span data-contrast=\"auto\">A veces es conveniente el uso de sustancias antimicrobianas.<\/span>\u00a0<\/p>\t\t\t\t\t\t\t\t<\/div>\n\t\t\t\t<\/div>\n\t\t\t\t<\/div>\n\t\t\t\t<\/div>\n\t\t<div class=\"elementor-element elementor-element-1347696 e-con-full e-flex e-con e-child\" data-id=\"1347696\" data-element_type=\"container\" data-e-type=\"container\" data-settings=\"{&quot;_ha_eqh_enable&quot;:false}\">\n\t\t\t\t<div class=\"elementor-element elementor-element-e4505c4 elementor-widget elementor-widget-heading\" data-id=\"e4505c4\" data-element_type=\"widget\" data-e-type=\"widget\" data-widget_type=\"heading.default\">\n\t\t\t\t<div class=\"elementor-widget-container\">\n\t\t\t\t\t<h2 class=\"elementor-heading-title elementor-size-default\">\u00bfY la Periodontitis? <\/h2>\t\t\t\t<\/div>\n\t\t\t\t<\/div>\n\t\t<div class=\"elementor-element elementor-element-f3cd8fe e-con-full e-flex e-con e-child\" data-id=\"f3cd8fe\" data-element_type=\"container\" data-e-type=\"container\" data-settings=\"{&quot;_ha_eqh_enable&quot;:false}\">\n\t\t\t\t<div class=\"elementor-element elementor-element-e98a5ab elementor-widget elementor-widget-text-editor\" data-id=\"e98a5ab\" data-element_type=\"widget\" data-e-type=\"widget\" data-widget_type=\"text-editor.default\">\n\t\t\t\t<div class=\"elementor-widget-container\">\n\t\t\t\t\t\t\t\t\t<p><span data-contrast=\"auto\">El tratamiento inicial consiste tambi\u00e9n en hacer limpiezas profundas en la Cl\u00ednica,\u00a0<\/span><span data-contrast=\"none\">realizadas por el profesional de manera personalizada seg\u00fan la necesidad de tratamiento de cada paciente; adem\u00e1s, siempre es fundamental<\/span><span data-contrast=\"auto\">\u00a0cuidar la higiene bucal en casa, y corregir factores que favorecen la progresi\u00f3n de la enfermedad.\u00a0<\/span>\u00a0<\/p><p><span data-contrast=\"auto\">A veces, despu\u00e9s de la valoraci\u00f3n inicial, tendremos que realizar alg\u00fan tratamiento quir\u00fargico para frenar el avance de la enfermedad y corregir posibles defectos est\u00e9ticos.<\/span>\u00a0<\/p>\t\t\t\t\t\t\t\t<\/div>\n\t\t\t\t<\/div>\n\t\t\t\t<\/div>\n\t\t\t\t<\/div>\n\t\t\t\t\t<\/div>\n\t\t\t\t<\/div>\n\t\t<div class=\"elementor-element elementor-element-07745cc e-flex e-con-boxed e-con e-parent\" data-id=\"07745cc\" data-element_type=\"container\" data-e-type=\"container\" data-settings=\"{&quot;_ha_eqh_enable&quot;:false}\">\n\t\t\t\t\t<div class=\"e-con-inner\">\n\t\t<div class=\"elementor-element elementor-element-83ce6ab ct-service-card e-flex e-con-boxed e-con e-child\" data-id=\"83ce6ab\" data-element_type=\"container\" data-e-type=\"container\" data-settings=\"{&quot;background_background&quot;:&quot;classic&quot;,&quot;_ha_eqh_enable&quot;:false}\">\n\t\t\t\t\t<div class=\"e-con-inner\">\n\t\t\t\t<div class=\"elementor-element elementor-element-b0df3c9 elementor-view-default elementor-widget elementor-widget-icon\" data-id=\"b0df3c9\" data-element_type=\"widget\" data-e-type=\"widget\" data-widget_type=\"icon.default\">\n\t\t\t\t<div class=\"elementor-widget-container\">\n\t\t\t\t\t\t\t<div class=\"elementor-icon-wrapper\">\n\t\t\t<div class=\"elementor-icon\">\n\t\t\t<svg xmlns=\"http:\/\/www.w3.org\/2000\/svg\" viewBox=\"0 0 60 58.99\"><path d=\"M51.65 25.66c.96-.74 2.13-1.17 3.35-1.16.27 0 .52-.11.71-.29s.29-.44.29-.71-.11-.52-.29-.71-.44-.29-.71-.29c-.72 0-1.44-.14-2.11-.42-.67-.28-1.27-.68-1.79-1.19s-.92-1.12-1.19-1.79c-.28-.67-.42-1.38-.42-2.11 0-.27-.11-.52-.29-.71s-.44-.29-.71-.29-.52.11-.71.29-.29.44-.29.71c0 .46-.08.91-.19 1.36-1.59-1.39-3.48-2.4-5.53-2.93-2.57-.66-5.28-.56-7.78.3-6.32 2.19-7.61-1.21-13.61-.68-2.46.23-4.81 1.12-6.8 2.59a13.61 13.61 0 0 0-5.41 12.94c.36 2.44 1.37 4.75 2.93 6.66 3.14 3.77 3.33 7.31 5.43 17.62.18.86.59 1.67 1.17 2.33.58.67 1.32 1.17 2.15 1.47a5.216 5.216 0 0 0 4.99-.81c1.87-1.45 1.82-2.75 3.65-10.26.06-.36.24-.68.52-.91a1.518 1.518 0 0 1 1.96 0c.27.23.46.56.52.91l1.81 7.41c.21.85.62 1.64 1.22 2.29.59.65 1.34 1.14 2.17 1.42.83.28 1.72.35 2.59.2s1.68-.52 2.36-1.07c1.93-1.55 1.8-2.87 3.93-13.3.5-2.68 1.65-5.19 3.35-7.31 1.39-1.68 2.35-3.67 2.8-5.8.41-1.91.37-3.87-.05-5.77Zm-1.96-3.35c2 2.02 2.06.39 0 2.39-.14.14-.26.3-.39.45-.07.08-.14.15-.2.23-.22.28-.42.57-.6.88a7.458 7.458 0 0 0-2.76-2.76c.1-.06.18-.13.28-.18.18-.12.37-.23.54-.36.17-.13.33-.28.49-.43.08-.07.17-.14.24-.21l.02-.02c.03-.03.06-.06.08-.09 1.89-1.95.32-1.87 2.28.11ZM47.36 36a17.88 17.88 0 0 0-3.77 8.1c-2.23 11.02-2.04 11.14-3.23 12.14-.42.34-.92.57-1.45.67a3.178 3.178 0 0 1-2.93-.98c-.37-.4-.62-.88-.75-1.41l-1.81-7.41v.04c-.19-.76-.64-1.44-1.26-1.93a3.505 3.505 0 0 0-4.35.03c-.62.49-1.05 1.18-1.23 1.94l-1.81 7.41c-.17.7-.58 1.33-1.16 1.77-.57.44-1.28.68-2.01.66a3.189 3.189 0 0 1-3.07-2.54c-2.04-9.81-2.29-14.13-5.89-18.5-7.4-9 1.83-22.16 12.71-18.38a14.25 14.25 0 0 0 9.3 0c2.02-.69 4.18-.81 6.26-.34 2.07.46 3.98 1.49 5.51 2.97-.15.2-.3.4-.47.58-.05.05-.1.1-.16.15-.22.21-.44.4-.69.57-.02.01-.03.03-.05.04-.26.18-.55.32-.84.45-.06.03-.11.05-.17.08-.29.11-.59.21-.89.27l-.17.03c-.32.06-.64.09-.97.09-.27 0-.52.11-.71.29s-.29.44-.29.71.11.52.29.71a.995.995 0 0 0 .7.3c.36 0 .73.04 1.08.11 1.06.21 2.04.73 2.81 1.51a5.503 5.503 0 0 1 1.61 3.89 1.016 1.016 0 0 0 .61.93c.12.05.25.08.38.08.27 0 .52-.11.71-.29a.99.99 0 0 0 .29-.71v-.01c0-.29.04-.58.09-.87.03-.19.08-.37.13-.56.03-.11.07-.23.11-.34.05-.15.11-.3.18-.44.22 2.98-.72 5.93-2.64 8.22Zm-7.42-16.22c.12.2.16.44.12.68-.04.23-.16.44-.34.6-2.97 1.68-6.31 2.6-9.72 2.67-3.42-.06-6.78-.98-9.76-2.67a.985.985 0 0 1-.34-.6c-.04-.23 0-.47.12-.68.12-.2.31-.36.53-.44.22-.08.47-.07.69 0A18.95 18.95 0 0 0 30 21.71c3.05-.08 6.05-.89 8.72-2.37.22-.08.46-.09.69 0 .22.08.41.23.53.44ZM4 31H1c-.27 0-.52-.11-.71-.29C.1 30.52 0 30.27 0 30s.11-.52.29-.71A.99.99 0 0 1 1 29h3c.27 0 .52.11.71.29.19.19.29.44.29.71s-.11.52-.29.71A.99.99 0 0 1 4 31Zm56-1c0 .27-.11.52-.29.71s-.44.29-.71.29h-3c-.27 0-.52-.11-.71-.29S55 30.27 55 30s.11-.52.29-.71.44-.29.71-.29h3c.27 0 .52.11.71.29s.29.44.29.71ZM29.29 4.71A.99.99 0 0 1 29 4V1c0-.27.11-.52.29-.71.19-.19.44-.29.71-.29s.52.11.71.29c.19.19.29.44.29.71v3c0 .27-.11.52-.29.71-.19.19-.44.29-.71.29s-.52-.11-.71-.29ZM8.37 42.5A.998.998 0 0 1 8 43.87c-2.87 1.64-2.76 1.63-3.11 1.63-.22 0-.44-.07-.61-.2a.965.965 0 0 1-.36-.54c-.06-.21-.04-.44.04-.65.09-.2.24-.37.43-.48L7 42.13a.998.998 0 0 1 1.37.37Zm43.18-25.24c-.06-.21-.04-.44.04-.65.09-.2.24-.37.43-.48l2.59-1.5a.998.998 0 0 1 1.37.37.998.998 0 0 1-.37 1.37C52.76 18 52.87 18 52.52 18c-.22 0-.44-.07-.61-.2a.965.965 0 0 1-.36-.54ZM14.63 5.39A.998.998 0 0 1 15 4.02a.998.998 0 0 1 1.37.37L17.87 7c.08.15.13.32.12.5 0 .17-.05.34-.14.49-.09.15-.21.27-.36.36-.15.09-.32.13-.49.13-.75 0-.81-.41-2.37-3.09Zm27.51 2.6A.958.958 0 0 1 42 7.5c0-.17.04-.34.12-.5l1.5-2.59a.998.998 0 0 1 1.37-.37.998.998 0 0 1 .37 1.37c-1.56 2.68-1.62 3.07-2.37 3.07-.17 0-.34-.05-.49-.13-.15-.09-.27-.21-.36-.36ZM3.92 15.76a1.007 1.007 0 0 1 .71-1.23c.26-.07.53-.03.76.1L8 16.13c.19.11.35.28.43.49.09.21.1.44.04.65s-.19.4-.37.54c-.18.13-.4.2-.62.2-.36 0-.24 0-3.09-1.63a.998.998 0 0 1-.47-.61Zm52.12 28.35c.09.2.1.43.04.65-.06.21-.18.4-.36.54-.18.13-.39.21-.61.2-.35 0-.24 0-3.09-1.63a.998.998 0 0 1-.37-1.37.998.998 0 0 1 1.37-.37l2.59 1.5c.19.11.34.28.43.48Z\"><\/path><\/svg>\t\t\t<\/div>\n\t\t<\/div>\n\t\t\t\t\t\t<\/div>\n\t\t\t\t<\/div>\n\t\t\t\t<div class=\"elementor-element elementor-element-caefd8b elementor-widget elementor-widget-heading\" data-id=\"caefd8b\" data-element_type=\"widget\" data-e-type=\"widget\" data-widget_type=\"heading.default\">\n\t\t\t\t<div class=\"elementor-widget-container\">\n\t\t\t\t\t<h3 class=\"elementor-heading-title elementor-size-default\">No lo olvides: Controlar y prevenir siempre es mejor que curar<\/h3>\t\t\t\t<\/div>\n\t\t\t\t<\/div>\n\t\t\t\t<div class=\"elementor-element elementor-element-4542515 elementor-widget elementor-widget-text-editor\" data-id=\"4542515\" data-element_type=\"widget\" data-e-type=\"widget\" data-widget_type=\"text-editor.default\">\n\t\t\t\t<div class=\"elementor-widget-container\">\n\t\t\t\t\t\t\t\t\t<p><span class=\"TextRun  BCX8 SCXO220287788\" lang=\"ES\" xml:lang=\"ES\" data-contrast=\"auto\"><span class=\"NormalTextRun  BCX8 SCXO220287788\">Un control favorable de la enfermedad periodontal requiere un\u00a0<\/span><\/span><span class=\"TextRun  BCX8 SCXO220287788\" lang=\"ES\" xml:lang=\"ES\" data-contrast=\"none\"><span class=\"NormalTextRun  BCX8 SCXO220287788\">programa de mantenimiento y mejora<\/span><\/span><span class=\"TextRun  BCX8 SCXO220287788\" lang=\"ES\" xml:lang=\"ES\" data-contrast=\"auto\"><span class=\"NormalTextRun  BCX8 SCXO220287788\">\u00a0de los resultados del tratamiento inicial y de prevenci\u00f3n de la aparici\u00f3n de nuevas enfermedades. Es una etapa fundamental del tratamiento periodontal y la \u00fanica manera de conseguir el control de la periodontitis a largo plazo.<\/span><\/span><span class=\"EOP  BCX8 SCXO220287788\">\u00a0<\/span><\/p>\t\t\t\t\t\t\t\t<\/div>\n\t\t\t\t<\/div>\n\t\t\t\t\t<\/div>\n\t\t\t\t<\/div>\n\t\t\t\t\t<\/div>\n\t\t\t\t<\/div>\n\t\t<div class=\"elementor-element elementor-element-20d710c e-flex e-con-boxed e-con e-parent\" data-id=\"20d710c\" data-element_type=\"container\" data-e-type=\"container\" data-settings=\"{&quot;_ha_eqh_enable&quot;:false}\">\n\t\t\t\t\t<div class=\"e-con-inner\">\n\t\t<div class=\"elementor-element elementor-element-90026e5 e-con-full e-flex e-con e-child\" data-id=\"90026e5\" data-element_type=\"container\" data-e-type=\"container\" data-settings=\"{&quot;_ha_eqh_enable&quot;:false}\">\n\t\t\t\t<div class=\"elementor-element elementor-element-1867752 elementor-widget elementor-widget-heading\" data-id=\"1867752\" data-element_type=\"widget\" data-e-type=\"widget\" data-widget_type=\"heading.default\">\n\t\t\t\t<div class=\"elementor-widget-container\">\n\t\t\t\t\t<h2 class=\"elementor-heading-title elementor-size-default\">\u00bfTienes alguna duda?<\/h2>\t\t\t\t<\/div>\n\t\t\t\t<\/div>\n\t\t\t\t<div class=\"elementor-element elementor-element-e3ab9d4 elementor-widget elementor-widget-text-editor\" data-id=\"e3ab9d4\" data-element_type=\"widget\" data-e-type=\"widget\" data-widget_type=\"text-editor.default\">\n\t\t\t\t<div class=\"elementor-widget-container\">\n\t\t\t\t\t\t\t\t\t<p>Por favor, no dudes en ponerte en contacto con nosotros!<\/p>\t\t\t\t\t\t\t\t<\/div>\n\t\t\t\t<\/div>\n\t\t\t\t<div class=\"elementor-element elementor-element-df52f29 elementor-tablet-align-center elementor-widget elementor-widget-button\" data-id=\"df52f29\" data-element_type=\"widget\" data-e-type=\"widget\" data-widget_type=\"button.default\">\n\t\t\t\t<div class=\"elementor-widget-container\">\n\t\t\t\t\t\t\t\t\t<div class=\"elementor-button-wrapper\">\n\t\t\t\t\t<a class=\"elementor-button elementor-button-link elementor-size-sm\" href=\"https:\/\/clinicadentalzocalo.com\/index.php\/contact\/\">\n\t\t\t\t\t\t<span class=\"elementor-button-content-wrapper\">\n\t\t\t\t\t\t<span class=\"elementor-button-icon\">\n\t\t\t\t<svg xmlns=\"http:\/\/www.w3.org\/2000\/svg\" viewBox=\"0 0 24 24\"><path fill-rule=\"evenodd\" d=\"M24 0v22.78h-2.87V4.9L2.03 24 0 21.97l19.1-19.1H1.26V0H24Z\"><\/path><\/svg>\t\t\t<\/span>\n\t\t\t\t\t\t\t\t\t<span class=\"elementor-button-text\">Contactanos<\/span>\n\t\t\t\t\t<\/span>\n\t\t\t\t\t<\/a>\n\t\t\t\t<\/div>\n\t\t\t\t\t\t\t\t<\/div>\n\t\t\t\t<\/div>\n\t\t\t\t<\/div>\n\t\t<div class=\"elementor-element elementor-element-419ad5c e-con-full e-flex e-con e-child\" data-id=\"419ad5c\" data-element_type=\"container\" data-e-type=\"container\" data-settings=\"{&quot;_ha_eqh_enable&quot;:false}\">\n\t\t\t\t<div class=\"elementor-element elementor-element-2b7f19e elementor-widget elementor-widget-image\" data-id=\"2b7f19e\" data-element_type=\"widget\" data-e-type=\"widget\" data-widget_type=\"image.default\">\n\t\t\t\t<div class=\"elementor-widget-container\">\n\t\t\t\t\t\t\t\t\t\t\t\t\t\t\t<img decoding=\"async\" width=\"663\" height=\"1024\" src=\"https:\/\/clinicadentalzocalo.com\/wp-content\/uploads\/2024\/02\/services-page-cta-image-2-663x1024.webp\" class=\"attachment-large size-large wp-image-215\" alt=\"\" srcset=\"https:\/\/clinicadentalzocalo.com\/wp-content\/uploads\/2024\/02\/services-page-cta-image-2-663x1024.webp 663w, https:\/\/clinicadentalzocalo.com\/wp-content\/uploads\/2024\/02\/services-page-cta-image-2-194x300.webp 194w, https:\/\/clinicadentalzocalo.com\/wp-content\/uploads\/2024\/02\/services-page-cta-image-2-768x1187.webp 768w, https:\/\/clinicadentalzocalo.com\/wp-content\/uploads\/2024\/02\/services-page-cta-image-2.webp 825w\" sizes=\"(max-width: 663px) 100vw, 663px\" \/>\t\t\t\t\t\t\t\t\t\t\t\t\t\t\t<\/div>\n\t\t\t\t<\/div>\n\t\t\t\t<div class=\"elementor-element elementor-element-fb66b64 elementor-widget elementor-widget-image\" data-id=\"fb66b64\" data-element_type=\"widget\" data-e-type=\"widget\" data-widget_type=\"image.default\">\n\t\t\t\t<div class=\"elementor-widget-container\">\n\t\t\t\t\t\t\t\t\t\t\t\t\t\t\t<img decoding=\"async\" width=\"663\" height=\"1024\" src=\"https:\/\/clinicadentalzocalo.com\/wp-content\/uploads\/2024\/02\/services-page-cta-image-3-663x1024.webp\" class=\"attachment-large size-large wp-image-216\" alt=\"\" srcset=\"https:\/\/clinicadentalzocalo.com\/wp-content\/uploads\/2024\/02\/services-page-cta-image-3-663x1024.webp 663w, https:\/\/clinicadentalzocalo.com\/wp-content\/uploads\/2024\/02\/services-page-cta-image-3-194x300.webp 194w, https:\/\/clinicadentalzocalo.com\/wp-content\/uploads\/2024\/02\/services-page-cta-image-3-768x1187.webp 768w, https:\/\/clinicadentalzocalo.com\/wp-content\/uploads\/2024\/02\/services-page-cta-image-3.webp 825w\" sizes=\"(max-width: 663px) 100vw, 663px\" \/>\t\t\t\t\t\t\t\t\t\t\t\t\t\t\t<\/div>\n\t\t\t\t<\/div>\n\t\t\t\t<\/div>\n\t\t\t\t\t<\/div>\n\t\t\t\t<\/div>\n\t\t\t\t<\/div>\n\t\t","protected":false},"excerpt":{"rendered":"<p>\u00bfEn que consiste? La\u00a0periodontitis\u00a0es un grupo de infecciones que afectan al hueso y a otros tejidos como el ligamento periodontal y el cemento radicular.\u00a0 La\u00a0gingivitis\u00a0y la\u00a0periodontitis\u00a0son las dos principales enfermedades periodontales. \u00bfPor qu\u00e9 aparecen? La causa principal de la enfermedad periodontal son las bacterias que habitan en la boca y que se depositan en los [&hellip;]<\/p>\n","protected":false},"author":1,"featured_media":0,"parent":0,"menu_order":0,"comment_status":"closed","ping_status":"closed","template":"","meta":{"footnotes":""},"class_list":["post-1532","page","type-page","status-publish","hentry"],"blocksy_meta":[],"_links":{"self":[{"href":"https:\/\/clinicadentalzocalo.com\/index.php\/wp-json\/wp\/v2\/pages\/1532","targetHints":{"allow":["GET"]}}],"collection":[{"href":"https:\/\/clinicadentalzocalo.com\/index.php\/wp-json\/wp\/v2\/pages"}],"about":[{"href":"https:\/\/clinicadentalzocalo.com\/index.php\/wp-json\/wp\/v2\/types\/page"}],"author":[{"embeddable":true,"href":"https:\/\/clinicadentalzocalo.com\/index.php\/wp-json\/wp\/v2\/users\/1"}],"replies":[{"embeddable":true,"href":"https:\/\/clinicadentalzocalo.com\/index.php\/wp-json\/wp\/v2\/comments?post=1532"}],"version-history":[{"count":61,"href":"https:\/\/clinicadentalzocalo.com\/index.php\/wp-json\/wp\/v2\/pages\/1532\/revisions"}],"predecessor-version":[{"id":3021,"href":"https:\/\/clinicadentalzocalo.com\/index.php\/wp-json\/wp\/v2\/pages\/1532\/revisions\/3021"}],"wp:attachment":[{"href":"https:\/\/clinicadentalzocalo.com\/index.php\/wp-json\/wp\/v2\/media?parent=1532"}],"curies":[{"name":"wp","href":"https:\/\/api.w.org\/{rel}","templated":true}]}}